{"id":2041,"date":"2019-11-14T15:29:40","date_gmt":"2019-11-14T20:29:40","guid":{"rendered":"https:\/\/crfmv.com\/welcome-visit-for-baby\/"},"modified":"2023-07-06T11:20:34","modified_gmt":"2023-07-06T15:20:34","slug":"welcome-visit-for-baby","status":"publish","type":"page","link":"https:\/\/crfmv.com\/en\/welcome-visit-for-baby\/","title":{"rendered":"Welcome visit for baby"},"content":{"rendered":"<p>[et_pb_section fb_built=&#8221;1&#8243; _builder_version=&#8221;4.16&#8243; global_colors_info=&#8221;{}&#8221;][et_pb_row _builder_version=&#8221;4.16&#8243; background_size=&#8221;initial&#8221; background_position=&#8221;top_left&#8221; background_repeat=&#8221;repeat&#8221; max_width=&#8221;800px&#8221; global_colors_info=&#8221;{}&#8221;][et_pb_column type=&#8221;4_4&#8243; _builder_version=&#8221;4.16&#8243; custom_padding=&#8221;|||&#8221; global_colors_info=&#8221;{}&#8221; custom_padding__hover=&#8221;|||&#8221;][et_pb_text _builder_version=&#8221;4.16&#8243; background_size=&#8221;initial&#8221; background_position=&#8221;top_left&#8221; background_repeat=&#8221;repeat&#8221; global_colors_info=&#8221;{}&#8221;]<\/p>\n<h2>Pre- or post-natal visit<\/h2>\n<p>The Welcome Baby program aims to support you in the new adventures that come with having a child. Whether you&#8217;re happy or worried about the upcoming arrival of baby, meet us as soon as you know the date for the child&#8217;s birth!<\/p>\n<p>Please select the date and time that suits you and complete the booking form.<\/p>\n<p>[\/et_pb_text][et_pb_code _builder_version=&#8221;4.16&#8243; global_colors_info=&#8221;{}&#8221;]<div class=\"wp-block-calendar-booking-single-service-flow startbooking-block-single-service\"><div class=\"items-list\"><div class=\"item\"><div class=\"sb-content\"><div class=\"item-head\"><h2>Visite bienvenue b\u00e9b\u00e9<\/h2><\/div><p>Ce programme a pour but de vous soutenir dans cette nouvelle aventure qu\u2019est l\u2019arriv\u00e9e d\u2019un enfant. Que l\u2019arriv\u00e9e prochaine de b\u00e9b\u00e9 vous r\u00e9jouit et\/ou vous inqui\u00e8te, d\u00e8s que vous connaissez la date pr\u00e9vue pour la naissance de l\u2019enfant\u2009!<\/p><div class=\"item-footer\"><div class=\"time\"><\/div><a dusk=\"select-service\" style=\"color: #FFFFFF;\t\t\t\tbackground: #1480e6 none repeat scroll 0% 0%;\t\t\t\tbox-shadow: #1480e6 0px 0px 0px 2px inset;\t\t\t\tborder-radius: 4px;\t\t\t\tfont-size: 14px;\t\t\t\tfont-weight: bold;\t\t\t\tline-height: 1.2;\t\t\t\tdisplay: inline-block;\t\t\t\tvertical-align:top;\t\t\t\ttext-align: center;\t\t\t\tpadding: 10px 13px;\t\t\t\tcursor: pointer;\t\t\t\ttext-decoration: none;\" class=\"button\" href=\"?cbsb_force=true&service=o6qNORGW0\" >Continue<\/a><\/div><\/div><\/div><\/div><\/div>[\/et_pb_code][\/et_pb_column][\/et_pb_row][\/et_pb_section][et_pb_section fb_built=&#8221;1&#8243; _builder_version=&#8221;4.16&#8243; background_color=&#8221;#1f1c3e&#8221; saved_tabs=&#8221;all&#8221; locked=&#8221;off&#8221; global_colors_info=&#8221;{}&#8221;][et_pb_row column_structure=&#8221;1_3,1_3,1_3&#8243; _builder_version=&#8221;4.16&#8243; width=&#8221;90%&#8221; max_width=&#8221;1300px&#8221; global_colors_info=&#8221;{}&#8221;][et_pb_column type=&#8221;1_3&#8243; _builder_version=&#8221;4.16&#8243; global_colors_info=&#8221;{}&#8221;][et_pb_text _builder_version=&#8221;4.16&#8243; text_font=&#8221;Roboto|900|||||||&#8221; text_text_color=&#8221;#FFFFFF&#8221; text_font_size=&#8221;15px&#8221; text_line_height=&#8221;0em&#8221; link_font=&#8221;||||||||&#8221; header_font=&#8221;||||||||&#8221; header_font_size=&#8221;32px&#8221; min_height=&#8221;377px&#8221; custom_margin=&#8221;||7px|||&#8221; text_text_align=&#8221;left&#8221; inline_fonts=&#8221;Roboto&#8221; global_colors_info=&#8221;{}&#8221;]<\/p>\n<p><strong><span style=\"font-family: Roboto; color: #ffffff;\">Site Map<\/span><\/strong><\/p>\n<p style=\"padding-left: 30px;\"><a href=\"crfmv.com\"><strong><span style=\"font-family: Roboto; color: #ffffff;\">Home<br \/> <\/span><\/strong><\/a><\/p>\n<p style=\"padding-left: 30px;\"><a href=\"crfmv.com\"><strong><span style=\"font-family: Roboto; color: #ffffff;\">Absences<\/span><\/strong><\/a><\/p>\n<p style=\"padding-left: 30px;\"><a href=\"https:\/\/crfmv.com\/en\/volunteering\/\"><strong><span style=\"font-family: Roboto; color: #ffffff;\">Volunteering<\/span><\/strong><\/a><\/p>\n<p style=\"padding-left: 30px;\"><strong><span style=\"font-family: Roboto; color: #ffffff;\">Childhood<br \/> <\/span><\/strong><\/p>\n<p style=\"padding-left: 30px;\"><a href=\"https:\/\/crfmv.com\/famille_veteran\/\"><strong><span style=\"font-family: Roboto; color: #ffffff;\">Family and Veteran<\/span><\/strong><\/a><\/p>\n<p style=\"padding-left: 30px;\"><a href=\"crfmv.com\/jeunesse\"><strong><span style=\"font-family: Roboto; color: #ffffff;\">Youth<\/span><\/strong><\/a><\/p>\n<p style=\"padding-left: 30px;\"><a href=\"https:\/\/crfmv.com\/en\/psychosocial-services\/\"><strong><span style=\"font-family: Roboto; color: #ffffff;\">Intervention<\/span><\/strong><\/a><\/p>\n<p style=\"padding-left: 30px;\"><a href=\"crfmv.com\/mutation\"><strong><span style=\"font-family: Roboto; color: #ffffff;\">Postings<\/span><\/strong><\/a><\/p>\n<p style=\"padding-left: 30px;\"><span style=\"color: #ffffff;\"><a href=\"https:\/\/crfmv.com\/en\/employment-education-assistance\/\" style=\"color: #ffffff;\"><strong><span style=\"font-family: Roboto;\">Employment \/ Education Assistance<\/span><\/strong><\/a><\/span><\/p>\n<p style=\"padding-left: 30px;\"><a href=\"crfmv.com#contact\"><strong><span style=\"font-family: Roboto; color: #ffffff;\">Contact<\/span><\/strong><\/a><\/p>\n<p>[\/et_pb_text][\/et_pb_column][et_pb_column type=&#8221;1_3&#8243; _builder_version=&#8221;4.16&#8243; global_colors_info=&#8221;{}&#8221;][et_pb_text _builder_version=&#8221;4.16&#8243; text_font=&#8221;Roboto|900|||||||&#8221; text_line_height=&#8221;0em&#8221; global_colors_info=&#8221;{}&#8221;]<\/p>\n<h3><span style=\"color: #ffffff;\"><strong>To reach us<\/strong><\/span><\/h3>\n<p style=\"padding-left: 30px;\"><a href=\"https:\/\/www.connexionfac.ca\/Valcartier\/Accueil\"><span style=\"color: #ffffff;\">Cafconnection.ca\/valcartier<\/span><\/a><\/p>\n<p style=\"padding-left: 30px;\"><span style=\"color: #ffffff;\"><a href=\"mailto:info@crfmv.com\" style=\"color: #ffffff;\">info@crfmv.com<\/a><\/span><\/p>\n<p style=\"padding-left: 30px;\"><span style=\"color: #ffffff;\">Phone: 1-877-844-6060<\/span><\/p>\n<p style=\"padding-left: 30px;\"><span style=\"color: #ffffff;\">Fax: 418-844-3959<\/span><\/p>\n<p style=\"padding-left: 30px;\">[\/et_pb_text][\/et_pb_column][et_pb_column type=&#8221;1_3&#8243; _builder_version=&#8221;4.16&#8243; global_colors_info=&#8221;{}&#8221;][et_pb_text _builder_version=&#8221;4.16&#8243; text_font=&#8221;Roboto|900|||||||&#8221; text_text_color=&#8221;#000000&#8243; text_line_height=&#8221;0em&#8221; header_font=&#8221;||||||||&#8221; global_colors_info=&#8221;{}&#8221;]<\/p>\n<h3><span style=\"color: #f7f7f7;\"><strong>Follow us<\/strong><\/span><\/h3>\n<p style=\"padding-left: 30px;\"><img decoding=\"async\" src=\"https:\/\/crfmv.com\/wp-content\/uploads\/2019\/08\/f_logo_RGB-White_58-e1565029694223.png\">  <a href=\"https:\/\/www.facebook.com\/CFvalcartier\/?modal=admin_todo_tour\" target=\"_blank\" rel=\"noopener noreferrer\"><span style=\"color: #f7f7f7;\">Valcartier Family Centre<\/span><\/a><mg vertical-align:=\"\" p=\"\"><\/mg><\/p>\n<p style=\"padding-left: 30px;\"><img decoding=\"async\" src=\"https:\/\/crfmv.com\/wp-content\/uploads\/2019\/08\/f_logo_RGB-White_58-e1565029694223.png\">  <a href=\"https:\/\/www.facebook.com\/groups\/envolcfv\/\" target=\"_blank\" rel=\"noopener noreferrer\"><span style=\"color: #f7f7f7;\">Envol<\/span><\/a><\/p>\n<p style=\"padding-left: 30px;\"><img decoding=\"async\" src=\"https:\/\/crfmv.com\/wp-content\/uploads\/2019\/08\/f_logo_RGB-White_58-e1565029694223.png\">  <a href=\"https:\/\/www.facebook.com\/groups\/2110438732604766\/?source_id=1022620221279987\" target=\"_blank\" rel=\"noopener noreferrer\"><span style=\"color: #f7f7f7;\">Multi-services<\/span><\/a><\/p>\n<p style=\"padding-left: 30px;\"><img decoding=\"async\" src=\"https:\/\/crfmv.com\/wp-content\/uploads\/2019\/08\/glyph-logo_May2016-01-e1565030283314.png\">. <a href=\"https:\/\/www.instagram.com\/agent_info_cfv\/?hl=fr-ca\" target=\"_blank\" rel=\"noopener noreferrer\"><span style=\"color: #f7f7f7;\">VFC Information Agent<\/span><\/a><\/p>\n<p style=\"padding-left: 30px;\"><a href=\"https:\/\/www.pinterest.ca\/agenteliaisoncf\/\" target=\"_blank\" rel=\"noopener noreferrer\"><img decoding=\"async\" src=\"https:\/\/crfmv.com\/wp-content\/uploads\/2019\/08\/badgeRGB-white-e1565617807370.png\">. <span style=\"color: #f7f7f7;\">Valcartier Family Centre<\/span><\/a><\/p>\n<p>[\/et_pb_text][\/et_pb_column][\/et_pb_row][\/et_pb_section]<\/p>\n","protected":false},"excerpt":{"rendered":"<p>Pre- or post-natal visit The Welcome Baby program aims to support you in the new adventures that come with having a child. Whether you&#8217;re happy or worried about the upcoming [&hellip;]<\/p>\n","protected":false},"author":38,"featured_media":0,"parent":0,"menu_order":0,"comment_status":"closed","ping_status":"closed","template":"","meta":{"_et_pb_use_builder":"on","_et_pb_old_content":"[startbooking flow=\"single-service\" service=\"e4YePzm74\"]","_et_gb_content_width":"","_price":"","_stock":"","_tribe_ticket_header":"","_tribe_default_ticket_provider":"","_tribe_ticket_capacity":"0","_ticket_start_date":"","_ticket_end_date":"","_tribe_ticket_show_description":"","_tribe_ticket_show_not_going":false,"_tribe_ticket_use_global_stock":"","_tribe_ticket_global_stock_level":"","_global_stock_mode":"","_global_stock_cap":"","_tribe_rsvp_for_event":"","_tribe_ticket_going_count":"","_tribe_ticket_not_going_count":"","_tribe_tickets_list":"[]","_tribe_ticket_has_attendee_info_fields":false,"footnotes":"","_tec_slr_enabled":"","_tec_slr_layout":""},"class_list":["post-2041","page","type-page","status-publish","hentry"],"yoast_head":"<!-- This site is optimized with the Yoast SEO plugin v26.8 - https:\/\/yoast.com\/product\/yoast-seo-wordpress\/ -->\n<title>Welcome visit for baby - CRFM Valcartier<\/title>\n<meta name=\"robots\" content=\"index, follow, max-snippet:-1, max-image-preview:large, max-video-preview:-1\" \/>\n<link rel=\"canonical\" href=\"https:\/\/crfmv.com\/fr\/visite-de-bienvenue-pour-bebe\/\" \/>\n<meta property=\"og:locale\" content=\"en_US\" \/>\n<meta property=\"og:type\" content=\"article\" \/>\n<meta property=\"og:title\" content=\"Welcome visit for baby - CRFM Valcartier\" \/>\n<meta property=\"og:description\" content=\"Pre- or post-natal visit The Welcome Baby program aims to support you in the new adventures that come with having a child. Whether you&#039;re happy or worried about the upcoming [&hellip;]\" \/>\n<meta property=\"og:url\" content=\"https:\/\/crfmv.com\/fr\/visite-de-bienvenue-pour-bebe\/\" \/>\n<meta property=\"og:site_name\" content=\"CRFM Valcartier\" \/>\n<meta property=\"article:publisher\" content=\"https:\/\/www.facebook.com\/CFvalcartier\" \/>\n<meta property=\"article:modified_time\" content=\"2023-07-06T15:20:34+00:00\" \/>\n<meta property=\"og:image\" content=\"https:\/\/crfmv.com\/wp-content\/uploads\/2019\/08\/f_logo_RGB-White_58-e1565029694223.png\" \/>\n<meta name=\"twitter:card\" content=\"summary_large_image\" \/>\n<meta name=\"twitter:label1\" content=\"Est. reading time\" \/>\n\t<meta name=\"twitter:data1\" content=\"2 minutes\" \/>\n<script type=\"application\/ld+json\" class=\"yoast-schema-graph\">{\"@context\":\"https:\/\/schema.org\",\"@graph\":[{\"@type\":\"WebPage\",\"@id\":\"https:\/\/crfmv.com\/fr\/visite-de-bienvenue-pour-bebe\/\",\"url\":\"https:\/\/crfmv.com\/fr\/visite-de-bienvenue-pour-bebe\/\",\"name\":\"Welcome visit for baby - CRFM Valcartier\",\"isPartOf\":{\"@id\":\"https:\/\/crfmv.com\/fr\/#website\"},\"primaryImageOfPage\":{\"@id\":\"https:\/\/crfmv.com\/fr\/visite-de-bienvenue-pour-bebe\/#primaryimage\"},\"image\":{\"@id\":\"https:\/\/crfmv.com\/fr\/visite-de-bienvenue-pour-bebe\/#primaryimage\"},\"thumbnailUrl\":\"https:\/\/crfmv.com\/wp-content\/uploads\/2019\/08\/f_logo_RGB-White_58-e1565029694223.png\",\"datePublished\":\"2019-11-14T20:29:40+00:00\",\"dateModified\":\"2023-07-06T15:20:34+00:00\",\"breadcrumb\":{\"@id\":\"https:\/\/crfmv.com\/fr\/visite-de-bienvenue-pour-bebe\/#breadcrumb\"},\"inLanguage\":\"en-US\",\"potentialAction\":[{\"@type\":\"ReadAction\",\"target\":[\"https:\/\/crfmv.com\/fr\/visite-de-bienvenue-pour-bebe\/\"]}]},{\"@type\":\"ImageObject\",\"inLanguage\":\"en-US\",\"@id\":\"https:\/\/crfmv.com\/fr\/visite-de-bienvenue-pour-bebe\/#primaryimage\",\"url\":\"https:\/\/crfmv.com\/wp-content\/uploads\/2019\/08\/f_logo_RGB-White_58-e1565029694223.png\",\"contentUrl\":\"https:\/\/crfmv.com\/wp-content\/uploads\/2019\/08\/f_logo_RGB-White_58-e1565029694223.png\"},{\"@type\":\"BreadcrumbList\",\"@id\":\"https:\/\/crfmv.com\/fr\/visite-de-bienvenue-pour-bebe\/#breadcrumb\",\"itemListElement\":[{\"@type\":\"ListItem\",\"position\":1,\"name\":\"Accueil\",\"item\":\"https:\/\/crfmv.com\/en\/\"},{\"@type\":\"ListItem\",\"position\":2,\"name\":\"Welcome visit for baby\"}]},{\"@type\":\"WebSite\",\"@id\":\"https:\/\/crfmv.com\/fr\/#website\",\"url\":\"https:\/\/crfmv.com\/fr\/\",\"name\":\"CRFM Valcartier\",\"description\":\"Centre de ressources pour les familles militaires Valcartier\",\"publisher\":{\"@id\":\"https:\/\/crfmv.com\/fr\/#organization\"},\"potentialAction\":[{\"@type\":\"SearchAction\",\"target\":{\"@type\":\"EntryPoint\",\"urlTemplate\":\"https:\/\/crfmv.com\/fr\/?s={search_term_string}\"},\"query-input\":{\"@type\":\"PropertyValueSpecification\",\"valueRequired\":true,\"valueName\":\"search_term_string\"}}],\"inLanguage\":\"en-US\"},{\"@type\":\"Organization\",\"@id\":\"https:\/\/crfmv.com\/fr\/#organization\",\"name\":\"Centre de la Famille Valcartier\",\"url\":\"https:\/\/crfmv.com\/fr\/\",\"logo\":{\"@type\":\"ImageObject\",\"inLanguage\":\"en-US\",\"@id\":\"https:\/\/crfmv.com\/fr\/#\/schema\/logo\/image\/\",\"url\":\"https:\/\/crfmv.com\/wp-content\/uploads\/2019\/08\/logo-CFV-2010-01.png\",\"contentUrl\":\"https:\/\/crfmv.com\/wp-content\/uploads\/2019\/08\/logo-CFV-2010-01.png\",\"width\":376,\"height\":376,\"caption\":\"Centre de la Famille Valcartier\"},\"image\":{\"@id\":\"https:\/\/crfmv.com\/fr\/#\/schema\/logo\/image\/\"},\"sameAs\":[\"https:\/\/www.facebook.com\/CFvalcartier\",\"https:\/\/www.instagram.com\/agent_info_cfv\",\"https:\/\/www.linkedin.com\/company\/centre-de-la-famille-valcartier\/\",\"https:\/\/www.pinterest.ca\/agenteliaisoncf\/pins\/\",\"https:\/\/www.youtube.com\/channel\/UCdLAsxyb6wN-q7bDaZYzuZw?view_as=subscriber\"]}]}<\/script>\n<!-- \/ Yoast SEO plugin. -->","yoast_head_json":{"title":"Welcome visit for baby - CRFM Valcartier","robots":{"index":"index","follow":"follow","max-snippet":"max-snippet:-1","max-image-preview":"max-image-preview:large","max-video-preview":"max-video-preview:-1"},"canonical":"https:\/\/crfmv.com\/fr\/visite-de-bienvenue-pour-bebe\/","og_locale":"en_US","og_type":"article","og_title":"Welcome visit for baby - CRFM Valcartier","og_description":"Pre- or post-natal visit The Welcome Baby program aims to support you in the new adventures that come with having a child. Whether you're happy or worried about the upcoming [&hellip;]","og_url":"https:\/\/crfmv.com\/fr\/visite-de-bienvenue-pour-bebe\/","og_site_name":"CRFM Valcartier","article_publisher":"https:\/\/www.facebook.com\/CFvalcartier","article_modified_time":"2023-07-06T15:20:34+00:00","og_image":[{"url":"https:\/\/crfmv.com\/wp-content\/uploads\/2019\/08\/f_logo_RGB-White_58-e1565029694223.png","type":"","width":"","height":""}],"twitter_card":"summary_large_image","twitter_misc":{"Est. reading time":"2 minutes"},"schema":{"@context":"https:\/\/schema.org","@graph":[{"@type":"WebPage","@id":"https:\/\/crfmv.com\/fr\/visite-de-bienvenue-pour-bebe\/","url":"https:\/\/crfmv.com\/fr\/visite-de-bienvenue-pour-bebe\/","name":"Welcome visit for baby - CRFM Valcartier","isPartOf":{"@id":"https:\/\/crfmv.com\/fr\/#website"},"primaryImageOfPage":{"@id":"https:\/\/crfmv.com\/fr\/visite-de-bienvenue-pour-bebe\/#primaryimage"},"image":{"@id":"https:\/\/crfmv.com\/fr\/visite-de-bienvenue-pour-bebe\/#primaryimage"},"thumbnailUrl":"https:\/\/crfmv.com\/wp-content\/uploads\/2019\/08\/f_logo_RGB-White_58-e1565029694223.png","datePublished":"2019-11-14T20:29:40+00:00","dateModified":"2023-07-06T15:20:34+00:00","breadcrumb":{"@id":"https:\/\/crfmv.com\/fr\/visite-de-bienvenue-pour-bebe\/#breadcrumb"},"inLanguage":"en-US","potentialAction":[{"@type":"ReadAction","target":["https:\/\/crfmv.com\/fr\/visite-de-bienvenue-pour-bebe\/"]}]},{"@type":"ImageObject","inLanguage":"en-US","@id":"https:\/\/crfmv.com\/fr\/visite-de-bienvenue-pour-bebe\/#primaryimage","url":"https:\/\/crfmv.com\/wp-content\/uploads\/2019\/08\/f_logo_RGB-White_58-e1565029694223.png","contentUrl":"https:\/\/crfmv.com\/wp-content\/uploads\/2019\/08\/f_logo_RGB-White_58-e1565029694223.png"},{"@type":"BreadcrumbList","@id":"https:\/\/crfmv.com\/fr\/visite-de-bienvenue-pour-bebe\/#breadcrumb","itemListElement":[{"@type":"ListItem","position":1,"name":"Accueil","item":"https:\/\/crfmv.com\/en\/"},{"@type":"ListItem","position":2,"name":"Welcome visit for baby"}]},{"@type":"WebSite","@id":"https:\/\/crfmv.com\/fr\/#website","url":"https:\/\/crfmv.com\/fr\/","name":"CRFM Valcartier","description":"Centre de ressources pour les familles militaires Valcartier","publisher":{"@id":"https:\/\/crfmv.com\/fr\/#organization"},"potentialAction":[{"@type":"SearchAction","target":{"@type":"EntryPoint","urlTemplate":"https:\/\/crfmv.com\/fr\/?s={search_term_string}"},"query-input":{"@type":"PropertyValueSpecification","valueRequired":true,"valueName":"search_term_string"}}],"inLanguage":"en-US"},{"@type":"Organization","@id":"https:\/\/crfmv.com\/fr\/#organization","name":"Centre de la Famille Valcartier","url":"https:\/\/crfmv.com\/fr\/","logo":{"@type":"ImageObject","inLanguage":"en-US","@id":"https:\/\/crfmv.com\/fr\/#\/schema\/logo\/image\/","url":"https:\/\/crfmv.com\/wp-content\/uploads\/2019\/08\/logo-CFV-2010-01.png","contentUrl":"https:\/\/crfmv.com\/wp-content\/uploads\/2019\/08\/logo-CFV-2010-01.png","width":376,"height":376,"caption":"Centre de la Famille Valcartier"},"image":{"@id":"https:\/\/crfmv.com\/fr\/#\/schema\/logo\/image\/"},"sameAs":["https:\/\/www.facebook.com\/CFvalcartier","https:\/\/www.instagram.com\/agent_info_cfv","https:\/\/www.linkedin.com\/company\/centre-de-la-famille-valcartier\/","https:\/\/www.pinterest.ca\/agenteliaisoncf\/pins\/","https:\/\/www.youtube.com\/channel\/UCdLAsxyb6wN-q7bDaZYzuZw?view_as=subscriber"]}]}},"ticketed":false,"_links":{"self":[{"href":"https:\/\/crfmv.com\/en\/wp-json\/wp\/v2\/pages\/2041","targetHints":{"allow":["GET"]}}],"collection":[{"href":"https:\/\/crfmv.com\/en\/wp-json\/wp\/v2\/pages"}],"about":[{"href":"https:\/\/crfmv.com\/en\/wp-json\/wp\/v2\/types\/page"}],"author":[{"embeddable":true,"href":"https:\/\/crfmv.com\/en\/wp-json\/wp\/v2\/users\/38"}],"replies":[{"embeddable":true,"href":"https:\/\/crfmv.com\/en\/wp-json\/wp\/v2\/comments?post=2041"}],"version-history":[{"count":4,"href":"https:\/\/crfmv.com\/en\/wp-json\/wp\/v2\/pages\/2041\/revisions"}],"predecessor-version":[{"id":10611,"href":"https:\/\/crfmv.com\/en\/wp-json\/wp\/v2\/pages\/2041\/revisions\/10611"}],"wp:attachment":[{"href":"https:\/\/crfmv.com\/en\/wp-json\/wp\/v2\/media?parent=2041"}],"curies":[{"name":"wp","href":"https:\/\/api.w.org\/{rel}","templated":true}]}}