{"id":11528,"date":"2024-04-09T14:45:55","date_gmt":"2024-04-09T18:45:55","guid":{"rendered":"https:\/\/crfmv.com\/?page_id=11528"},"modified":"2024-04-09T15:01:36","modified_gmt":"2024-04-09T19:01:36","slug":"reabonnement-infolettre","status":"publish","type":"page","link":"https:\/\/crfmv.com\/fr\/reabonnement-infolettre\/","title":{"rendered":"Reabonnement-infolettre"},"content":{"rendered":"<p>[et_pb_section fb_built=\u00a0\u00bb1&Prime; _builder_version=\u00a0\u00bb4.16&Prime; custom_margin=\u00a0\u00bb||-80px|||\u00a0\u00bb global_colors_info=\u00a0\u00bb{}\u00a0\u00bb][et_pb_row _builder_version=\u00a0\u00bb4.16&Prime; global_colors_info=\u00a0\u00bb{}\u00a0\u00bb][et_pb_column type=\u00a0\u00bb4_4&Prime; _builder_version=\u00a0\u00bb4.16&Prime; global_colors_info=\u00a0\u00bb{}\u00a0\u00bb][et_pb_text _builder_version=\u00a0\u00bb4.16&Prime; _module_preset=\u00a0\u00bbdefault\u00a0\u00bb global_colors_info=\u00a0\u00bb{}\u00a0\u00bb]<\/p>\n<h1 style=\"text-align: center;\"><b>R\u00e9abonnement Infolettre<\/b><\/h1>\n<p>[\/et_pb_text][\/et_pb_column][\/et_pb_row][et_pb_row _builder_version=\u00a0\u00bb4.21.0&Prime; _module_preset=\u00a0\u00bbdefault\u00a0\u00bb global_colors_info=\u00a0\u00bb{}\u00a0\u00bb][et_pb_column type=\u00a0\u00bb4_4&Prime; _builder_version=\u00a0\u00bb4.21.0&Prime; _module_preset=\u00a0\u00bbdefault\u00a0\u00bb global_colors_info=\u00a0\u00bb{}\u00a0\u00bb][et_pb_text _builder_version=\u00a0\u00bb4.21.0&Prime; _module_preset=\u00a0\u00bbdefault\u00a0\u00bb hover_enabled=\u00a0\u00bb0&Prime; global_colors_info=\u00a0\u00bb{}\u00a0\u00bb sticky_enabled=\u00a0\u00bb0&Prime;]<\/p>\n<p><!-- SendPulse Subscription Form --><\/p>\n<div class=\"sp-form-outer sp-force-hide\">\n<div id=\"sp-form-174535\" sp-id=\"174535\" sp-hash=\"88469b3c3bfd69b73f00db38676036821748db7e60ffcf6de5fe7414f15f8a3e\" sp-lang=\"fr\" class=\"sp-form sp-form-regular sp-form-embed\" sp-show-options=\"%7B%22satellite%22%3Afalse%2C%22maDomain%22%3A%22login.sendpulse.com%22%2C%22formsDomain%22%3A%22forms.sendpulse.com%22%2C%22condition%22%3A%22onEnter%22%2C%22scrollTo%22%3A25%2C%22delay%22%3A10%2C%22repeat%22%3A3%2C%22background%22%3A%22rgba(0%2C%200%2C%200%2C%200.5)%22%2C%22position%22%3A%22bottom-right%22%2C%22animation%22%3A%22%22%2C%22hideOnMobile%22%3Afalse%2C%22urlFilter%22%3Afalse%2C%22urlFilterConditions%22%3A%5B%7B%22force%22%3A%22hide%22%2C%22clause%22%3A%22contains%22%2C%22token%22%3A%22%22%7D%5D%2C%22analytics%22%3A%7B%22ga%22%3A%7B%22eventLabel%22%3Anull%2C%22send%22%3Afalse%7D%2C%22ym%22%3A%7B%22counterId%22%3Anull%2C%22eventLabel%22%3Anull%2C%22targetId%22%3Anull%2C%22send%22%3Afalse%7D%7D%2C%22utmEnable%22%3Afalse%7D\">\n<div class=\"sp-form-fields-wrapper\">\n<div class=\"sp-message\">\n<div><\/div>\n<\/div>\n<form novalidate=\"\" class=\"sp-element-container sp-lg \">\n<div class=\"sp-field sp-field-full-width\" sp-id=\"sp-10ef5e08-e697-4f16-b10a-b79532f2de17\">\n<div style=\"font-family: inherit; line-height: 1.2;\">\n<p><span style=\"color: #333333;\">Inscrivez-vous pour recevoir notre infolettre mensuelle. &#8211; Subscribe to receive our monthly newsletter.<\/span><\/p>\n<\/div>\n<\/div>\n<div class=\"sp-field \" sp-id=\"sp-04477676-c949-4948-8b04-d06d78424c04\"><label class=\"sp-control-label\"><span>Adresse \u00e9lectronique &#8211; Email<\/span><strong>*<\/strong><\/label><input type=\"email\" sp-type=\"email\" name=\"sform[email]\" class=\"sp-form-control \" placeholder=\"username@gmail.com\" sp-tips=\"%7B%22required%22%3A%22Champ%20requis%22%2C%22wrong%22%3A%22Adresse%20%C3%A9lectronique%20incorrecte%22%7D\" autocomplete=\"on\" required=\"required\" \/><\/div>\n<div class=\"sp-field \" sp-id=\"sp-1ba2209f-422a-4467-8da5-62112311bb9d\">\n<div class=\"sp-checkbox-option\"><label><input type=\"checkbox\" sp-type=\"gdprTerms\" name=\"sform[Z2RwclRlcm1z]\" value=\"yes\" sp-tips=\"%7B%22required%22%3A%22Champ%20requis%22%7D\" class=\" \" required=\"required\" \/><span>En vous inscrivant, vous acceptez nos <a target=\"_blank\" rel=\"noopener\">Conditions d\u2019utilisation et notre Politique de confidentialit\u00e9<\/a>, y compris l&rsquo;utilisation de cookies et le transfert de vos informations personnelles \u00e0<\/span>\u00a0<span><strong>*<\/strong><\/span><\/label><\/div>\n<\/div>\n<div class=\"sp-field \" sp-id=\"sp-b306ccfb-7d43-4eab-8f01-ae8a7077e624\">\n<div class=\"sp-checkbox-option\"><label><input type=\"checkbox\" sp-type=\"gdprConfirm\" name=\"sform[Z2RwckNvbmZpcm0=]\" value=\"yes\" sp-tips=\"%7B%22required%22%3A%22Champ%20requis%22%7D\" class=\" \" required=\"required\" \/><span>Oui, veuillez me tenir inform\u00e9 des nouveaut\u00e9s, \u00e9v\u00e9nements et offres<\/span>\u00a0<span><strong>*<\/strong><\/span><\/label><\/div>\n<\/div>\n<div class=\"sp-field sp-button-container \" sp-id=\"sp-c1f958db-7bcd-470a-b644-5d9ff2c15d62\"><button id=\"sp-c1f958db-7bcd-470a-b644-5d9ff2c15d62\" class=\"sp-button\">S\u2019abonner &#8211; Sign up <\/button><\/div>\n<\/form>\n<div class=\"sp-link-wrapper sp-brandname__left\"><a class=\"sp-link \" target=\"_blank\" href=\"https:\/\/sendpulse.com\/forms-powered-by-sendpulse?sn=Q2VudHJlIGRlIFJlc3NvdXJjZXMgcG91ciBsZXMgZmFtaWxsZXMgbWlsaXRhaXJlcyBWYWxjYXJ0aWVy\" rel=\"noopener\"><span class=\"sp-link-img\">\u00a0<\/span><span translate=\"FORM.PROVIDED_BY\">Provided by SendPulse<\/span><\/a><\/div>\n<\/div>\n<\/div>\n<\/div>\n<p>\n<script type=\"text\/javascript\" async=\"async\" src=\"\/\/web.webformscr.com\/apps\/fc3\/build\/default-handler.js?1712564157945\"><\/script><\/p>\n<p><!-- \/SendPulse Subscription Form --><\/p>\n<p>[\/et_pb_text][\/et_pb_column][\/et_pb_row][\/et_pb_section][et_pb_section fb_built=\u00a0\u00bb1&Prime; _builder_version=\u00a0\u00bb4.16&Prime; _module_preset=\u00a0\u00bbdefault\u00a0\u00bb global_colors_info=\u00a0\u00bb{}\u00a0\u00bb][\/et_pb_section][et_pb_section fb_built=\u00a0\u00bb1&Prime; _builder_version=\u00a0\u00bb4.16&Prime; _module_preset=\u00a0\u00bbdefault\u00a0\u00bb custom_margin=\u00a0\u00bb-70px||-58px|||\u00a0\u00bb global_colors_info=\u00a0\u00bb{}\u00a0\u00bb][et_pb_row _builder_version=\u00a0\u00bb4.16&Prime; _module_preset=\u00a0\u00bbdefault\u00a0\u00bb global_colors_info=\u00a0\u00bb{}\u00a0\u00bb][et_pb_column type=\u00a0\u00bb4_4&Prime; _builder_version=\u00a0\u00bb4.16&Prime; _module_preset=\u00a0\u00bbdefault\u00a0\u00bb global_colors_info=\u00a0\u00bb{}\u00a0\u00bb][\/et_pb_column][\/et_pb_row][\/et_pb_section]<\/p>\n","protected":false},"excerpt":{"rendered":"<p>R\u00e9abonnement Infolettre Inscrivez-vous pour recevoir notre infolettre mensuelle. &#8211; Subscribe to receive our monthly newsletter. Adresse \u00e9lectronique &#8211; Email* En vous inscrivant, vous acceptez nos Conditions d\u2019utilisation et notre Politique [&hellip;]<\/p>\n","protected":false},"author":37,"featured_media":0,"parent":0,"menu_order":0,"comment_status":"closed","ping_status":"closed","template":"","meta":{"_et_pb_use_builder":"on","_et_pb_old_content":"","_et_gb_content_width":"","_price":"","_stock":"","_tribe_ticket_header":"","_tribe_default_ticket_provider":"","_tribe_ticket_capacity":"0","_ticket_start_date":"","_ticket_end_date":"","_tribe_ticket_show_description":"","_tribe_ticket_show_not_going":false,"_tribe_ticket_use_global_stock":"","_tribe_ticket_global_stock_level":"","_global_stock_mode":"","_global_stock_cap":"","_tribe_rsvp_for_event":"","_tribe_ticket_going_count":"","_tribe_ticket_not_going_count":"","_tribe_tickets_list":"[]","_tribe_ticket_has_attendee_info_fields":false,"footnotes":"","_tec_slr_enabled":"","_tec_slr_layout":""},"class_list":["post-11528","page","type-page","status-publish","hentry"],"yoast_head":"<!-- This site is optimized with the Yoast SEO plugin v26.8 - https:\/\/yoast.com\/product\/yoast-seo-wordpress\/ -->\n<title>Reabonnement-infolettre - CRFM Valcartier<\/title>\n<meta name=\"robots\" content=\"index, follow, max-snippet:-1, max-image-preview:large, max-video-preview:-1\" \/>\n<link rel=\"canonical\" href=\"https:\/\/crfmv.com\/fr\/reabonnement-infolettre\/\" \/>\n<meta property=\"og:locale\" content=\"fr_FR\" \/>\n<meta property=\"og:type\" content=\"article\" \/>\n<meta property=\"og:title\" content=\"Reabonnement-infolettre - CRFM Valcartier\" \/>\n<meta property=\"og:description\" content=\"R\u00e9abonnement Infolettre Inscrivez-vous pour recevoir notre infolettre mensuelle. - Subscribe to receive our monthly newsletter. Adresse \u00e9lectronique - Email* En vous inscrivant, vous acceptez nos Conditions d\u2019utilisation et notre Politique [&hellip;]\" \/>\n<meta property=\"og:url\" content=\"https:\/\/crfmv.com\/fr\/reabonnement-infolettre\/\" \/>\n<meta property=\"og:site_name\" content=\"CRFM Valcartier\" \/>\n<meta property=\"article:publisher\" content=\"https:\/\/www.facebook.com\/CFvalcartier\" \/>\n<meta property=\"article:modified_time\" content=\"2024-04-09T19:01:36+00:00\" \/>\n<meta name=\"twitter:card\" content=\"summary_large_image\" \/>\n<meta name=\"twitter:label1\" content=\"Dur\u00e9e de lecture estim\u00e9e\" \/>\n\t<meta name=\"twitter:data1\" content=\"1 minute\" \/>\n<script type=\"application\/ld+json\" class=\"yoast-schema-graph\">{\"@context\":\"https:\/\/schema.org\",\"@graph\":[{\"@type\":\"WebPage\",\"@id\":\"https:\/\/crfmv.com\/fr\/reabonnement-infolettre\/\",\"url\":\"https:\/\/crfmv.com\/fr\/reabonnement-infolettre\/\",\"name\":\"Reabonnement-infolettre - CRFM Valcartier\",\"isPartOf\":{\"@id\":\"https:\/\/crfmv.com\/fr\/#website\"},\"datePublished\":\"2024-04-09T18:45:55+00:00\",\"dateModified\":\"2024-04-09T19:01:36+00:00\",\"breadcrumb\":{\"@id\":\"https:\/\/crfmv.com\/fr\/reabonnement-infolettre\/#breadcrumb\"},\"inLanguage\":\"fr-FR\",\"potentialAction\":[{\"@type\":\"ReadAction\",\"target\":[\"https:\/\/crfmv.com\/fr\/reabonnement-infolettre\/\"]}]},{\"@type\":\"BreadcrumbList\",\"@id\":\"https:\/\/crfmv.com\/fr\/reabonnement-infolettre\/#breadcrumb\",\"itemListElement\":[{\"@type\":\"ListItem\",\"position\":1,\"name\":\"Accueil\",\"item\":\"https:\/\/crfmv.com\/fr\/\"},{\"@type\":\"ListItem\",\"position\":2,\"name\":\"Reabonnement-infolettre\"}]},{\"@type\":\"WebSite\",\"@id\":\"https:\/\/crfmv.com\/fr\/#website\",\"url\":\"https:\/\/crfmv.com\/fr\/\",\"name\":\"CRFM Valcartier\",\"description\":\"Centre de ressources pour les familles militaires Valcartier\",\"publisher\":{\"@id\":\"https:\/\/crfmv.com\/fr\/#organization\"},\"potentialAction\":[{\"@type\":\"SearchAction\",\"target\":{\"@type\":\"EntryPoint\",\"urlTemplate\":\"https:\/\/crfmv.com\/fr\/?s={search_term_string}\"},\"query-input\":{\"@type\":\"PropertyValueSpecification\",\"valueRequired\":true,\"valueName\":\"search_term_string\"}}],\"inLanguage\":\"fr-FR\"},{\"@type\":\"Organization\",\"@id\":\"https:\/\/crfmv.com\/fr\/#organization\",\"name\":\"Centre de la Famille Valcartier\",\"url\":\"https:\/\/crfmv.com\/fr\/\",\"logo\":{\"@type\":\"ImageObject\",\"inLanguage\":\"fr-FR\",\"@id\":\"https:\/\/crfmv.com\/fr\/#\/schema\/logo\/image\/\",\"url\":\"https:\/\/crfmv.com\/wp-content\/uploads\/2019\/08\/logo-CFV-2010-01.png\",\"contentUrl\":\"https:\/\/crfmv.com\/wp-content\/uploads\/2019\/08\/logo-CFV-2010-01.png\",\"width\":376,\"height\":376,\"caption\":\"Centre de la Famille Valcartier\"},\"image\":{\"@id\":\"https:\/\/crfmv.com\/fr\/#\/schema\/logo\/image\/\"},\"sameAs\":[\"https:\/\/www.facebook.com\/CFvalcartier\",\"https:\/\/www.instagram.com\/agent_info_cfv\",\"https:\/\/www.linkedin.com\/company\/centre-de-la-famille-valcartier\/\",\"https:\/\/www.pinterest.ca\/agenteliaisoncf\/pins\/\",\"https:\/\/www.youtube.com\/channel\/UCdLAsxyb6wN-q7bDaZYzuZw?view_as=subscriber\"]}]}<\/script>\n<!-- \/ Yoast SEO plugin. -->","yoast_head_json":{"title":"Reabonnement-infolettre - CRFM Valcartier","robots":{"index":"index","follow":"follow","max-snippet":"max-snippet:-1","max-image-preview":"max-image-preview:large","max-video-preview":"max-video-preview:-1"},"canonical":"https:\/\/crfmv.com\/fr\/reabonnement-infolettre\/","og_locale":"fr_FR","og_type":"article","og_title":"Reabonnement-infolettre - CRFM Valcartier","og_description":"R\u00e9abonnement Infolettre Inscrivez-vous pour recevoir notre infolettre mensuelle. - Subscribe to receive our monthly newsletter. Adresse \u00e9lectronique - Email* En vous inscrivant, vous acceptez nos Conditions d\u2019utilisation et notre Politique [&hellip;]","og_url":"https:\/\/crfmv.com\/fr\/reabonnement-infolettre\/","og_site_name":"CRFM Valcartier","article_publisher":"https:\/\/www.facebook.com\/CFvalcartier","article_modified_time":"2024-04-09T19:01:36+00:00","twitter_card":"summary_large_image","twitter_misc":{"Dur\u00e9e de lecture estim\u00e9e":"1 minute"},"schema":{"@context":"https:\/\/schema.org","@graph":[{"@type":"WebPage","@id":"https:\/\/crfmv.com\/fr\/reabonnement-infolettre\/","url":"https:\/\/crfmv.com\/fr\/reabonnement-infolettre\/","name":"Reabonnement-infolettre - CRFM Valcartier","isPartOf":{"@id":"https:\/\/crfmv.com\/fr\/#website"},"datePublished":"2024-04-09T18:45:55+00:00","dateModified":"2024-04-09T19:01:36+00:00","breadcrumb":{"@id":"https:\/\/crfmv.com\/fr\/reabonnement-infolettre\/#breadcrumb"},"inLanguage":"fr-FR","potentialAction":[{"@type":"ReadAction","target":["https:\/\/crfmv.com\/fr\/reabonnement-infolettre\/"]}]},{"@type":"BreadcrumbList","@id":"https:\/\/crfmv.com\/fr\/reabonnement-infolettre\/#breadcrumb","itemListElement":[{"@type":"ListItem","position":1,"name":"Accueil","item":"https:\/\/crfmv.com\/fr\/"},{"@type":"ListItem","position":2,"name":"Reabonnement-infolettre"}]},{"@type":"WebSite","@id":"https:\/\/crfmv.com\/fr\/#website","url":"https:\/\/crfmv.com\/fr\/","name":"CRFM Valcartier","description":"Centre de ressources pour les familles militaires Valcartier","publisher":{"@id":"https:\/\/crfmv.com\/fr\/#organization"},"potentialAction":[{"@type":"SearchAction","target":{"@type":"EntryPoint","urlTemplate":"https:\/\/crfmv.com\/fr\/?s={search_term_string}"},"query-input":{"@type":"PropertyValueSpecification","valueRequired":true,"valueName":"search_term_string"}}],"inLanguage":"fr-FR"},{"@type":"Organization","@id":"https:\/\/crfmv.com\/fr\/#organization","name":"Centre de la Famille Valcartier","url":"https:\/\/crfmv.com\/fr\/","logo":{"@type":"ImageObject","inLanguage":"fr-FR","@id":"https:\/\/crfmv.com\/fr\/#\/schema\/logo\/image\/","url":"https:\/\/crfmv.com\/wp-content\/uploads\/2019\/08\/logo-CFV-2010-01.png","contentUrl":"https:\/\/crfmv.com\/wp-content\/uploads\/2019\/08\/logo-CFV-2010-01.png","width":376,"height":376,"caption":"Centre de la Famille Valcartier"},"image":{"@id":"https:\/\/crfmv.com\/fr\/#\/schema\/logo\/image\/"},"sameAs":["https:\/\/www.facebook.com\/CFvalcartier","https:\/\/www.instagram.com\/agent_info_cfv","https:\/\/www.linkedin.com\/company\/centre-de-la-famille-valcartier\/","https:\/\/www.pinterest.ca\/agenteliaisoncf\/pins\/","https:\/\/www.youtube.com\/channel\/UCdLAsxyb6wN-q7bDaZYzuZw?view_as=subscriber"]}]}},"ticketed":false,"_links":{"self":[{"href":"https:\/\/crfmv.com\/fr\/wp-json\/wp\/v2\/pages\/11528","targetHints":{"allow":["GET"]}}],"collection":[{"href":"https:\/\/crfmv.com\/fr\/wp-json\/wp\/v2\/pages"}],"about":[{"href":"https:\/\/crfmv.com\/fr\/wp-json\/wp\/v2\/types\/page"}],"author":[{"embeddable":true,"href":"https:\/\/crfmv.com\/fr\/wp-json\/wp\/v2\/users\/37"}],"replies":[{"embeddable":true,"href":"https:\/\/crfmv.com\/fr\/wp-json\/wp\/v2\/comments?post=11528"}],"version-history":[{"count":7,"href":"https:\/\/crfmv.com\/fr\/wp-json\/wp\/v2\/pages\/11528\/revisions"}],"predecessor-version":[{"id":11537,"href":"https:\/\/crfmv.com\/fr\/wp-json\/wp\/v2\/pages\/11528\/revisions\/11537"}],"wp:attachment":[{"href":"https:\/\/crfmv.com\/fr\/wp-json\/wp\/v2\/media?parent=11528"}],"curies":[{"name":"wp","href":"https:\/\/api.w.org\/{rel}","templated":true}]}}