{"id":126,"date":"2019-06-05T13:53:07","date_gmt":"2019-06-05T18:53:07","guid":{"rendered":"https:\/\/crfmv.com\/?page_id=126"},"modified":"2025-03-31T10:02:21","modified_gmt":"2025-03-31T14:02:21","slug":"action-benevole","status":"publish","type":"page","link":"https:\/\/crfmv.com\/fr\/action-benevole\/","title":{"rendered":"Action b\u00e9n\u00e9vole"},"content":{"rendered":"<p>[et_pb_section fb_built=\u00a0\u00bb1&Prime; admin_label=\u00a0\u00bbHero\u00a0\u00bb _builder_version=\u00a0\u00bb4.16&Prime; use_background_color_gradient=\u00a0\u00bbon\u00a0\u00bb background_color_gradient_type=\u00a0\u00bbcircular\u00a0\u00bb background_color_gradient_stops=\u00a0\u00bbrgba(31,28,62,0.46) 28%|#1f1c3e 100%\u00a0\u00bb background_color_gradient_overlays_image=\u00a0\u00bbon\u00a0\u00bb background_color_gradient_start=\u00a0\u00bbrgba(31,28,62,0.46)\u00a0\u00bb background_color_gradient_start_position=\u00a0\u00bb28%\u00a0\u00bb background_color_gradient_end=\u00a0\u00bb#1f1c3e\u00a0\u00bb background_image=\u00a0\u00bbhttps:\/\/crfmv.com\/wp-content\/uploads\/2019\/09\/bandeau_benevoles.jpg\u00a0\u00bb background_position=\u00a0\u00bbcenter_right\u00a0\u00bb custom_padding=\u00a0\u00bb0|0|80px||false|false\u00a0\u00bb collapsed=\u00a0\u00bboff\u00a0\u00bb global_colors_info=\u00a0\u00bb{}\u00a0\u00bb][et_pb_row column_structure=\u00a0\u00bb2_3,1_3&Prime; _builder_version=\u00a0\u00bb4.16&Prime; custom_margin=\u00a0\u00bb|||\u00a0\u00bb custom_padding=\u00a0\u00bb47px|||||\u00a0\u00bb global_colors_info=\u00a0\u00bb{}\u00a0\u00bb][et_pb_column type=\u00a0\u00bb2_3&Prime; _builder_version=\u00a0\u00bb4.16&Prime; custom_padding=\u00a0\u00bb|||\u00a0\u00bb global_colors_info=\u00a0\u00bb{}\u00a0\u00bb custom_padding__hover=\u00a0\u00bb|||\u00a0\u00bb][et_pb_text _builder_version=\u00a0\u00bb4.16&Prime; text_font=\u00a0\u00bbOpen Sans||||||||\u00a0\u00bb text_font_size=\u00a0\u00bb20px\u00a0\u00bb text_line_height=\u00a0\u00bb2em\u00a0\u00bb header_font=\u00a0\u00bb|800||on|||||\u00a0\u00bb header_font_size=\u00a0\u00bb68px\u00a0\u00bb header_line_height=\u00a0\u00bb1.4em\u00a0\u00bb background_layout=\u00a0\u00bbdark\u00a0\u00bb max_width=\u00a0\u00bb700px\u00a0\u00bb custom_padding=\u00a0\u00bb0px||0px|||\u00a0\u00bb text_font_size_tablet=\u00a0\u00bb\u00a0\u00bb text_font_size_phone=\u00a0\u00bb16px\u00a0\u00bb text_font_size_last_edited=\u00a0\u00bbon|phone\u00a0\u00bb header_font_size_tablet=\u00a0\u00bb44px\u00a0\u00bb header_font_size_phone=\u00a0\u00bb24px\u00a0\u00bb header_font_size_last_edited=\u00a0\u00bbon|desktop\u00a0\u00bb header_line_height_tablet=\u00a0\u00bb1.4em\u00a0\u00bb header_line_height_phone=\u00a0\u00bb1.4em\u00a0\u00bb header_line_height_last_edited=\u00a0\u00bbon|desktop\u00a0\u00bb global_colors_info=\u00a0\u00bb{}\u00a0\u00bb]<\/p>\n<h1><span style=\"font-size: xx-large; color: #ffffff;\">Action B\u00e9n\u00e9vole<br \/><\/span><\/h1>\n<p><span style=\"color: #ffffff;\"><strong>Les b\u00e9n\u00e9voles s\u2019impliquent activement dans la r\u00e9alisation d\u2019activit\u00e9s et la cr\u00e9ation d\u2019outils. Ils soutiennent quotidiennement la mission du <span>Centre de ressources pour les familles militaires Valcartier.<\/span> En \u00e9tant b\u00e9n\u00e9vole, vous contribuez au bien-\u00eatre de la communaut\u00e9 et vous en retirez \u00e9galement une exp\u00e9rience enrichissante!<\/strong>\u00a0\u00a0<span class=\"text_exposed_show\">\u00a0<\/span><\/span><\/p>\n<p>[\/et_pb_text][\/et_pb_column][et_pb_column type=\u00a0\u00bb1_3&Prime; _builder_version=\u00a0\u00bb4.16&Prime; custom_padding=\u00a0\u00bb|||\u00a0\u00bb global_colors_info=\u00a0\u00bb{}\u00a0\u00bb custom_padding__hover=\u00a0\u00bb|||\u00a0\u00bb][et_pb_button button_url=\u00a0\u00bbhttps:\/\/crfmv.com\/fr\/calendrier\/\u00a0\u00bb button_text=\u00a0\u00bbCalendrier\u00a0\u00bb button_alignment=\u00a0\u00bbcenter\u00a0\u00bb _builder_version=\u00a0\u00bb4.16&Prime; custom_button=\u00a0\u00bbon\u00a0\u00bb button_text_size=\u00a0\u00bb20px\u00a0\u00bb button_text_color=\u00a0\u00bb#ffffff\u00a0\u00bb button_bg_color=\u00a0\u00bb#1f1c3e\u00a0\u00bb button_border_radius=\u00a0\u00bb6px\u00a0\u00bb button_letter_spacing=\u00a0\u00bb0px\u00a0\u00bb button_font=\u00a0\u00bbRoboto|500|||||||\u00a0\u00bb button_use_icon=\u00a0\u00bboff\u00a0\u00bb background_layout=\u00a0\u00bbdark\u00a0\u00bb custom_margin=\u00a0\u00bb0px||\u00a0\u00bb custom_padding=\u00a0\u00bb5px|51px||51px|false|true\u00a0\u00bb global_colors_info=\u00a0\u00bb{}\u00a0\u00bb][\/et_pb_button][\/et_pb_column][\/et_pb_row][\/et_pb_section][et_pb_section fb_built=\u00a0\u00bb1&Prime; admin_label=\u00a0\u00bbServices\u00a0\u00bb _builder_version=\u00a0\u00bb4.16&Prime; custom_margin=\u00a0\u00bb-36px|||||\u00a0\u00bb custom_padding=\u00a0\u00bb0|0|13px|0px|false|false\u00a0\u00bb collapsed=\u00a0\u00bbon\u00a0\u00bb global_colors_info=\u00a0\u00bb{}\u00a0\u00bb][et_pb_row _builder_version=\u00a0\u00bb4.16&Prime; module_alignment=\u00a0\u00bbcenter\u00a0\u00bb global_colors_info=\u00a0\u00bb{}\u00a0\u00bb][et_pb_column type=\u00a0\u00bb4_4&Prime; _builder_version=\u00a0\u00bb4.16&Prime; global_colors_info=\u00a0\u00bb{}\u00a0\u00bb][et_pb_accordion open_toggle_text_color=\u00a0\u00bb#ffffff\u00a0\u00bb open_toggle_background_color=\u00a0\u00bb#1f1c3e\u00a0\u00bb closed_toggle_text_color=\u00a0\u00bb#ffffff\u00a0\u00bb closed_toggle_background_color=\u00a0\u00bb#1f1c3e\u00a0\u00bb icon_color=\u00a0\u00bb#ffffff\u00a0\u00bb icon_color_last_edited=\u00a0\u00bboff|desktop\u00a0\u00bb _builder_version=\u00a0\u00bb4.16&Prime; toggle_font=\u00a0\u00bbRoboto|900|||||||\u00a0\u00bb closed_toggle_font=\u00a0\u00bbRoboto|900|||||||\u00a0\u00bb body_font=\u00a0\u00bbRoboto||||||||\u00a0\u00bb body_text_color=\u00a0\u00bb#ffffff\u00a0\u00bb width=\u00a0\u00bb90%\u00a0\u00bb max_width=\u00a0\u00bb100%\u00a0\u00bb module_alignment=\u00a0\u00bbcenter\u00a0\u00bb custom_padding=\u00a0\u00bb0px||||false|false\u00a0\u00bb global_colors_info=\u00a0\u00bb{}\u00a0\u00bb][et_pb_accordion_item title=\u00a0\u00bbB\u00e9n\u00e9volat familial\u00a0\u00bb open=\u00a0\u00bbon\u00a0\u00bb open_toggle_text_color=\u00a0\u00bb#ffffff\u00a0\u00bb _builder_version=\u00a0\u00bb4.16&Prime; global_colors_info=\u00a0\u00bb{}\u00a0\u00bb toggle_text_color=\u00a0\u00bb#ffffff\u00a0\u00bb]Accomplir du b\u00e9n\u00e9volat en famille est une belle occasion de transmettre des valeurs d\u2019entraide tout en passant du temps de qualit\u00e9 avec ses enfants! Le b\u00e9n\u00e9volat en famille vous int\u00e9resse? Compl\u00e9tez le formulaire d\u2019implication adulte et prenez un rendez-vous en ligne ou par t\u00e9l\u00e9phone au 418-844-6060.<br \/>\n[\/et_pb_accordion_item][et_pb_accordion_item title=\u00a0\u00bbB\u00e9n\u00e9volat pour adolescents \u00a0\u00bb _builder_version=\u00a0\u00bb4.16&Prime; global_colors_info=\u00a0\u00bb{}\u00a0\u00bb open=\u00a0\u00bboff\u00a0\u00bb]<span style=\"color: #ffffff;\">Les jeunes de 12 \u00e0 17 ans peuvent s\u2019impliquer lors des diff\u00e9rentes activit\u00e9s offertes \u00e0 la communaut\u00e9 et aupr\u00e8s de divers comit\u00e9s. Le b\u00e9n\u00e9volat favorise l\u2019int\u00e9gration, le d\u00e9veloppement d\u2019habilet\u00e9s et l\u2019autonomie. Des intervenants qualifi\u00e9s encadrent les jeunes lors de leur implication. Contactez l\u2019\u00e9quipe jeunesse au 418 844-6060 afin de recevoir de plus amples renseignements ou pour vous inscrire.<\/span><br \/>\n[\/et_pb_accordion_item][et_pb_accordion_item title=\u00a0\u00bbB\u00e9n\u00e9volat en comit\u00e9 \u00a0\u00bb _builder_version=\u00a0\u00bb4.16&Prime; global_colors_info=\u00a0\u00bb{}\u00a0\u00bb open=\u00a0\u00bboff\u00a0\u00bb]Vous pouvez \u00eatre actifs dans votre milieu en vous impliquant aupr\u00e8s de divers comit\u00e9s. Le b\u00e9n\u00e9volat permet de rencontrer de nouvelles personnes, de d\u00e9velopper son potentiel et de vivre diff\u00e9rentes exp\u00e9riences. Un service de garde pendant les heures de b\u00e9n\u00e9volat vous est offert selon certains crit\u00e8res. L\u2019implication communautaire vous int\u00e9resse? Nous vous invitons \u00e0 compl\u00e9ter le formulaire d\u2019implication et prendre un rendez-vous en ligne ou par t\u00e9l\u00e9phone au 418 844-6060.<br \/>\n[\/et_pb_accordion_item][et_pb_accordion_item title=\u00a0\u00bbB\u00e9n\u00e9volat occasionnel \u00a0\u00bb _builder_version=\u00a0\u00bb4.16&Prime; global_colors_info=\u00a0\u00bb{}\u00a0\u00bb open=\u00a0\u00bboff\u00a0\u00bb]<\/p>\n<p>Vous pouvez vous impliquer dans votre milieu lors des diff\u00e9rentes activit\u00e9s offertes \u00e0 la communaut\u00e9 par le Centre de ressources pour les familles militaires Valcartier\u00a0et ses partenaires. L\u2019implication communautaire vous int\u00e9resse? Nous vous invitons \u00e0 compl\u00e9ter le formulaire d\u2019implication et prendre un rendez-vous en ligne ou par t\u00e9l\u00e9phone au 418 844-6060.<\/p>\n<p>[\/et_pb_accordion_item][\/et_pb_accordion][\/et_pb_column][\/et_pb_row][et_pb_row column_structure=\u00a0\u00bb1_2,1_2&Prime; _builder_version=\u00a0\u00bb4.16&Prime; global_colors_info=\u00a0\u00bb{}\u00a0\u00bb][et_pb_column type=\u00a0\u00bb1_2&Prime; _builder_version=\u00a0\u00bb4.16&Prime; global_colors_info=\u00a0\u00bb{}\u00a0\u00bb][et_pb_team_member name=\u00a0\u00bbChantal Thompson\u00a0\u00bb position=\u00a0\u00bbOrganisatrice communautaire\u00a0\u00bb image_url=\u00a0\u00bbhttps:\/\/crfmv.com\/wp-content\/uploads\/2021\/09\/Chantal.jpg\u00a0\u00bb icon_color=\u00a0\u00bb#1f1c3e\u00a0\u00bb _builder_version=\u00a0\u00bb4.27.4&Prime; global_colors_info=\u00a0\u00bb{}\u00a0\u00bb]<\/p>\n<p>Planifie et organise les activit\u00e9s communautaires en \u00e9troite collaboration avec les b\u00e9n\u00e9voles, les employ\u00e9s du Centre de ressources pour les familles militaires Valcartier et divers partenaires dans le but de r\u00e9pondre aux besoins de la communaut\u00e9. D\u00e9veloppe et favorise un milieu de vie o\u00f9 chacun a le pouvoir d\u2019agir.<\/p>\n<p>[\/et_pb_team_member][\/et_pb_column][et_pb_column type=\u00a0\u00bb1_2&Prime; _builder_version=\u00a0\u00bb4.16&Prime; global_colors_info=\u00a0\u00bb{}\u00a0\u00bb][et_pb_team_member name=\u00a0\u00bbMarie-Eve Genest\u00a0\u00bb position=\u00a0\u00bbIntervenante communautaire\u00a0\u00bb image_url=\u00a0\u00bbhttps:\/\/crfmv.com\/wp-content\/uploads\/2025\/03\/marrie_eve_genest-1.png\u00a0\u00bb icon_color=\u00a0\u00bb#1f1c3e\u00a0\u00bb _builder_version=\u00a0\u00bb4.27.4&Prime; text_orientation=\u00a0\u00bbleft\u00a0\u00bb child_mix_blend_mode=\u00a0\u00bbscreen\u00a0\u00bb hover_enabled=\u00a0\u00bb0&Prime; global_colors_info=\u00a0\u00bb{}\u00a0\u00bb image_url__hover_enabled=\u00a0\u00bbon|hover\u00a0\u00bb image_url__hover=\u00a0\u00bbhttps:\/\/crfmv.com\/wp-content\/uploads\/2025\/03\/marrie_eve_genest-1.png\u00a0\u00bb sticky_enabled=\u00a0\u00bb0&Prime;]<\/p>\n<p>Responsable de l\u2019inscription des b\u00e9n\u00e9voles (cible les int\u00e9r\u00eats, orientation vers les comit\u00e9s ou les opportunit\u00e9s ponctuelles). Est \u00e9galement responsable de la supervision des b\u00e9n\u00e9voles lors d\u2019activit\u00e9s organis\u00e9es par le Centre de ressources pour les familles militaires Valcartier et ses partenaires. Elle sera \u00e0 votre \u00e9coute et vous r\u00e9f\u00e9rera au bon endroit au besoin.<\/p>\n<p>[\/et_pb_team_member][\/et_pb_column][\/et_pb_row][et_pb_row column_structure=\u00a0\u00bb1_2,1_2&Prime; _builder_version=\u00a0\u00bb4.16&Prime; global_colors_info=\u00a0\u00bb{}\u00a0\u00bb][et_pb_column type=\u00a0\u00bb1_2&Prime; _builder_version=\u00a0\u00bb4.16&Prime; global_colors_info=\u00a0\u00bb{}\u00a0\u00bb][\/et_pb_column][et_pb_column type=\u00a0\u00bb1_2&Prime; _builder_version=\u00a0\u00bb4.16&Prime; global_colors_info=\u00a0\u00bb{}\u00a0\u00bb][et_pb_blurb title=\u00a0\u00bbInscription b\u00e9n\u00e9vole adulte\u00a0\u00bb url=\u00a0\u00bbhttps:\/\/crfmv.com\/fr\/inscription-benevole-adulte\/\u00a0\u00bb image=\u00a0\u00bbhttps:\/\/crfmv.com\/wp-content\/uploads\/2019\/11\/communautaire.png\u00a0\u00bb _builder_version=\u00a0\u00bb4.16&Prime; global_colors_info=\u00a0\u00bb{}\u00a0\u00bb]<\/p>\n<p>Vous \u00eates int\u00e9ress\u00e9s par le b\u00e9n\u00e9volat au Centre de ressources pour les familles militaires Valcartier?<br \/>Pour que vous puissiez avoir des offres de b\u00e9n\u00e9volat en fonction de vos int\u00e9r\u00eats, nos intervenants doivent d\u2019abord vous rencontrer.<\/p>\n<p>[\/et_pb_blurb][et_pb_button button_url=\u00a0\u00bbmailto:Marie-Eve.Genest@crfmv.com\u00a0\u00bb url_new_window=\u00a0\u00bbon\u00a0\u00bb button_text=\u00a0\u00bbPrendre Rendez-vous\u00a0\u00bb button_alignment=\u00a0\u00bbcenter\u00a0\u00bb _builder_version=\u00a0\u00bb4.27.4&Prime; custom_button=\u00a0\u00bbon\u00a0\u00bb button_text_color=\u00a0\u00bb#ffffff\u00a0\u00bb button_bg_color=\u00a0\u00bb#1f1c3e\u00a0\u00bb button_border_width=\u00a0\u00bb0px\u00a0\u00bb button_border_radius=\u00a0\u00bb6px\u00a0\u00bb button_letter_spacing=\u00a0\u00bb0px\u00a0\u00bb button_font=\u00a0\u00bbRoboto|500|||||||\u00a0\u00bb button_use_icon=\u00a0\u00bboff\u00a0\u00bb background_layout=\u00a0\u00bbdark\u00a0\u00bb custom_margin=\u00a0\u00bb-16px||||false|false\u00a0\u00bb custom_padding=\u00a0\u00bb5px|30px||30px|false|false\u00a0\u00bb global_colors_info=\u00a0\u00bb{}\u00a0\u00bb][\/et_pb_button][\/et_pb_column][\/et_pb_row][et_pb_row _builder_version=\u00a0\u00bb4.16&Prime; custom_margin=\u00a0\u00bb|auto|21px|auto||\u00a0\u00bb custom_padding=\u00a0\u00bb28px|28px|28px|28px\u00a0\u00bb border_width_all=\u00a0\u00bb11px\u00a0\u00bb border_color_all=\u00a0\u00bb#1F1C3E\u00a0\u00bb locked=\u00a0\u00bboff\u00a0\u00bb global_colors_info=\u00a0\u00bb{}\u00a0\u00bb][et_pb_column type=\u00a0\u00bb4_4&Prime; _builder_version=\u00a0\u00bb4.16&Prime; custom_padding=\u00a0\u00bb|||\u00a0\u00bb global_colors_info=\u00a0\u00bb{}\u00a0\u00bb custom_padding__hover=\u00a0\u00bb|||\u00a0\u00bb][et_pb_text _builder_version=\u00a0\u00bb4.16&Prime; text_font=\u00a0\u00bbOpen Sans|600|||||||\u00a0\u00bb text_font_size=\u00a0\u00bb16px\u00a0\u00bb global_colors_info=\u00a0\u00bb{}\u00a0\u00bb]<\/p>\n<p>Salle communautaire<\/p>\n<p>Durant les heures d\u2019ouverture du Centre de ressources pour les familles militaires Valcartier, il est possible pour vous d\u2019utiliser la salle communautaire. Color\u00e9e et am\u00e9nag\u00e9e par les b\u00e9n\u00e9voles du comit\u00e9 milieu de vie, vous y trouverez une multitude d\u2019informations sur les activit\u00e9s et programmes offerts par le Centre de ressources pour les familles militaires Valcartier et ses partenaires.\u00a0 Que vous soyez seul ou accompagn\u00e9 de vos enfants, l\u2019endroit est id\u00e9al pour jaser, faire de nouvelles connaissances, manger ou relaxer. Les enfants ont acc\u00e8s \u00e0 une aire de jeux.<\/p>\n<p>Lundi au vendredi 8 h 30 \u00e0 16 h 30<\/p>\n<p>[\/et_pb_text][\/et_pb_column][\/et_pb_row][\/et_pb_section][et_pb_section fb_built=\u00a0\u00bb1&Prime; _builder_version=\u00a0\u00bb4.21.0&Prime; background_color=\u00a0\u00bb#1f1c3e\u00a0\u00bb min_height=\u00a0\u00bb34px\u00a0\u00bb custom_margin=\u00a0\u00bb57px|||||\u00a0\u00bb custom_padding=\u00a0\u00bb0px||1px|||\u00a0\u00bb global_module=\u00a0\u00bb285&Prime; saved_tabs=\u00a0\u00bball\u00a0\u00bb locked=\u00a0\u00bboff\u00a0\u00bb global_colors_info=\u00a0\u00bb{}\u00a0\u00bb][\/et_pb_section]<\/p>\n","protected":false},"excerpt":{"rendered":"<p>Action B\u00e9n\u00e9vole Les b\u00e9n\u00e9voles s\u2019impliquent activement dans la r\u00e9alisation d\u2019activit\u00e9s et la cr\u00e9ation d\u2019outils. Ils soutiennent quotidiennement la mission du Centre de ressources pour les familles militaires Valcartier. En \u00e9tant [&hellip;]<\/p>\n","protected":false},"author":2,"featured_media":0,"parent":0,"menu_order":0,"comment_status":"closed","ping_status":"closed","template":"","meta":{"_et_pb_use_builder":"on","_et_pb_old_content":"","_et_gb_content_width":"","_price":"","_stock":"","_tribe_ticket_header":"","_tribe_default_ticket_provider":"","_tribe_ticket_capacity":"0","_ticket_start_date":"","_ticket_end_date":"","_tribe_ticket_show_description":"","_tribe_ticket_show_not_going":false,"_tribe_ticket_use_global_stock":"","_tribe_ticket_global_stock_level":"","_global_stock_mode":"","_global_stock_cap":"","_tribe_rsvp_for_event":"","_tribe_ticket_going_count":"","_tribe_ticket_not_going_count":"","_tribe_tickets_list":"[]","_tribe_ticket_has_attendee_info_fields":false,"footnotes":"","_tec_slr_enabled":"","_tec_slr_layout":""},"class_list":["post-126","page","type-page","status-publish","hentry"],"yoast_head":"<!-- This site is optimized with the Yoast SEO plugin v26.8 - https:\/\/yoast.com\/product\/yoast-seo-wordpress\/ -->\n<title>Action b\u00e9n\u00e9vole - CRFM Valcartier - Ressources pour famille de militaire<\/title>\n<meta name=\"description\" content=\"Les b\u00e9n\u00e9voles soutiennent quotidiennement la mission du Centre de la Famille Valcartier. Ils contribuent au bien-\u00eatre de la communaut\u00e9 et du Centre!\" \/>\n<meta name=\"robots\" content=\"index, follow, max-snippet:-1, max-image-preview:large, max-video-preview:-1\" \/>\n<link rel=\"canonical\" href=\"https:\/\/crfmv.com\/fr\/action-benevole\/\" \/>\n<meta property=\"og:locale\" content=\"fr_FR\" \/>\n<meta property=\"og:type\" content=\"article\" \/>\n<meta property=\"og:title\" content=\"Action b\u00e9n\u00e9vole - CRFM Valcartier - Ressources pour famille de militaire\" \/>\n<meta property=\"og:description\" content=\"Les b\u00e9n\u00e9voles soutiennent quotidiennement la mission du Centre de la Famille Valcartier. Ils contribuent au bien-\u00eatre de la communaut\u00e9 et du Centre!\" \/>\n<meta property=\"og:url\" content=\"https:\/\/crfmv.com\/fr\/action-benevole\/\" \/>\n<meta property=\"og:site_name\" content=\"CRFM Valcartier\" \/>\n<meta property=\"article:publisher\" content=\"https:\/\/www.facebook.com\/CFvalcartier\" \/>\n<meta property=\"article:modified_time\" content=\"2025-03-31T14:02:21+00:00\" \/>\n<meta name=\"twitter:card\" content=\"summary_large_image\" \/>\n<meta name=\"twitter:label1\" content=\"Dur\u00e9e de lecture estim\u00e9e\" \/>\n\t<meta name=\"twitter:data1\" content=\"4 minutes\" \/>\n<script type=\"application\/ld+json\" class=\"yoast-schema-graph\">{\"@context\":\"https:\/\/schema.org\",\"@graph\":[{\"@type\":\"WebPage\",\"@id\":\"https:\/\/crfmv.com\/fr\/action-benevole\/\",\"url\":\"https:\/\/crfmv.com\/fr\/action-benevole\/\",\"name\":\"Action b\u00e9n\u00e9vole - CRFM Valcartier - Ressources pour famille de militaire\",\"isPartOf\":{\"@id\":\"https:\/\/crfmv.com\/fr\/#website\"},\"datePublished\":\"2019-06-05T18:53:07+00:00\",\"dateModified\":\"2025-03-31T14:02:21+00:00\",\"description\":\"Les b\u00e9n\u00e9voles soutiennent quotidiennement la mission du Centre de la Famille Valcartier. Ils contribuent au bien-\u00eatre de la communaut\u00e9 et du Centre!\",\"breadcrumb\":{\"@id\":\"https:\/\/crfmv.com\/fr\/action-benevole\/#breadcrumb\"},\"inLanguage\":\"fr-FR\",\"potentialAction\":[{\"@type\":\"ReadAction\",\"target\":[\"https:\/\/crfmv.com\/fr\/action-benevole\/\"]}]},{\"@type\":\"BreadcrumbList\",\"@id\":\"https:\/\/crfmv.com\/fr\/action-benevole\/#breadcrumb\",\"itemListElement\":[{\"@type\":\"ListItem\",\"position\":1,\"name\":\"Accueil\",\"item\":\"https:\/\/crfmv.com\/fr\/\"},{\"@type\":\"ListItem\",\"position\":2,\"name\":\"Action b\u00e9n\u00e9vole\"}]},{\"@type\":\"WebSite\",\"@id\":\"https:\/\/crfmv.com\/fr\/#website\",\"url\":\"https:\/\/crfmv.com\/fr\/\",\"name\":\"CRFM Valcartier\",\"description\":\"Centre de ressources pour les familles militaires Valcartier\",\"publisher\":{\"@id\":\"https:\/\/crfmv.com\/fr\/#organization\"},\"potentialAction\":[{\"@type\":\"SearchAction\",\"target\":{\"@type\":\"EntryPoint\",\"urlTemplate\":\"https:\/\/crfmv.com\/fr\/?s={search_term_string}\"},\"query-input\":{\"@type\":\"PropertyValueSpecification\",\"valueRequired\":true,\"valueName\":\"search_term_string\"}}],\"inLanguage\":\"fr-FR\"},{\"@type\":\"Organization\",\"@id\":\"https:\/\/crfmv.com\/fr\/#organization\",\"name\":\"Centre de la Famille Valcartier\",\"url\":\"https:\/\/crfmv.com\/fr\/\",\"logo\":{\"@type\":\"ImageObject\",\"inLanguage\":\"fr-FR\",\"@id\":\"https:\/\/crfmv.com\/fr\/#\/schema\/logo\/image\/\",\"url\":\"https:\/\/crfmv.com\/wp-content\/uploads\/2019\/08\/logo-CFV-2010-01.png\",\"contentUrl\":\"https:\/\/crfmv.com\/wp-content\/uploads\/2019\/08\/logo-CFV-2010-01.png\",\"width\":376,\"height\":376,\"caption\":\"Centre de la Famille Valcartier\"},\"image\":{\"@id\":\"https:\/\/crfmv.com\/fr\/#\/schema\/logo\/image\/\"},\"sameAs\":[\"https:\/\/www.facebook.com\/CFvalcartier\",\"https:\/\/www.instagram.com\/agent_info_cfv\",\"https:\/\/www.linkedin.com\/company\/centre-de-la-famille-valcartier\/\",\"https:\/\/www.pinterest.ca\/agenteliaisoncf\/pins\/\",\"https:\/\/www.youtube.com\/channel\/UCdLAsxyb6wN-q7bDaZYzuZw?view_as=subscriber\"]}]}<\/script>\n<!-- \/ Yoast SEO plugin. -->","yoast_head_json":{"title":"Action b\u00e9n\u00e9vole - CRFM Valcartier - Ressources pour famille de militaire","description":"Les b\u00e9n\u00e9voles soutiennent quotidiennement la mission du Centre de la Famille Valcartier. Ils contribuent au bien-\u00eatre de la communaut\u00e9 et du Centre!","robots":{"index":"index","follow":"follow","max-snippet":"max-snippet:-1","max-image-preview":"max-image-preview:large","max-video-preview":"max-video-preview:-1"},"canonical":"https:\/\/crfmv.com\/fr\/action-benevole\/","og_locale":"fr_FR","og_type":"article","og_title":"Action b\u00e9n\u00e9vole - CRFM Valcartier - Ressources pour famille de militaire","og_description":"Les b\u00e9n\u00e9voles soutiennent quotidiennement la mission du Centre de la Famille Valcartier. Ils contribuent au bien-\u00eatre de la communaut\u00e9 et du Centre!","og_url":"https:\/\/crfmv.com\/fr\/action-benevole\/","og_site_name":"CRFM Valcartier","article_publisher":"https:\/\/www.facebook.com\/CFvalcartier","article_modified_time":"2025-03-31T14:02:21+00:00","twitter_card":"summary_large_image","twitter_misc":{"Dur\u00e9e de lecture estim\u00e9e":"4 minutes"},"schema":{"@context":"https:\/\/schema.org","@graph":[{"@type":"WebPage","@id":"https:\/\/crfmv.com\/fr\/action-benevole\/","url":"https:\/\/crfmv.com\/fr\/action-benevole\/","name":"Action b\u00e9n\u00e9vole - CRFM Valcartier - Ressources pour famille de militaire","isPartOf":{"@id":"https:\/\/crfmv.com\/fr\/#website"},"datePublished":"2019-06-05T18:53:07+00:00","dateModified":"2025-03-31T14:02:21+00:00","description":"Les b\u00e9n\u00e9voles soutiennent quotidiennement la mission du Centre de la Famille Valcartier. Ils contribuent au bien-\u00eatre de la communaut\u00e9 et du Centre!","breadcrumb":{"@id":"https:\/\/crfmv.com\/fr\/action-benevole\/#breadcrumb"},"inLanguage":"fr-FR","potentialAction":[{"@type":"ReadAction","target":["https:\/\/crfmv.com\/fr\/action-benevole\/"]}]},{"@type":"BreadcrumbList","@id":"https:\/\/crfmv.com\/fr\/action-benevole\/#breadcrumb","itemListElement":[{"@type":"ListItem","position":1,"name":"Accueil","item":"https:\/\/crfmv.com\/fr\/"},{"@type":"ListItem","position":2,"name":"Action b\u00e9n\u00e9vole"}]},{"@type":"WebSite","@id":"https:\/\/crfmv.com\/fr\/#website","url":"https:\/\/crfmv.com\/fr\/","name":"CRFM Valcartier","description":"Centre de ressources pour les familles militaires Valcartier","publisher":{"@id":"https:\/\/crfmv.com\/fr\/#organization"},"potentialAction":[{"@type":"SearchAction","target":{"@type":"EntryPoint","urlTemplate":"https:\/\/crfmv.com\/fr\/?s={search_term_string}"},"query-input":{"@type":"PropertyValueSpecification","valueRequired":true,"valueName":"search_term_string"}}],"inLanguage":"fr-FR"},{"@type":"Organization","@id":"https:\/\/crfmv.com\/fr\/#organization","name":"Centre de la Famille Valcartier","url":"https:\/\/crfmv.com\/fr\/","logo":{"@type":"ImageObject","inLanguage":"fr-FR","@id":"https:\/\/crfmv.com\/fr\/#\/schema\/logo\/image\/","url":"https:\/\/crfmv.com\/wp-content\/uploads\/2019\/08\/logo-CFV-2010-01.png","contentUrl":"https:\/\/crfmv.com\/wp-content\/uploads\/2019\/08\/logo-CFV-2010-01.png","width":376,"height":376,"caption":"Centre de la Famille Valcartier"},"image":{"@id":"https:\/\/crfmv.com\/fr\/#\/schema\/logo\/image\/"},"sameAs":["https:\/\/www.facebook.com\/CFvalcartier","https:\/\/www.instagram.com\/agent_info_cfv","https:\/\/www.linkedin.com\/company\/centre-de-la-famille-valcartier\/","https:\/\/www.pinterest.ca\/agenteliaisoncf\/pins\/","https:\/\/www.youtube.com\/channel\/UCdLAsxyb6wN-q7bDaZYzuZw?view_as=subscriber"]}]}},"ticketed":false,"_links":{"self":[{"href":"https:\/\/crfmv.com\/fr\/wp-json\/wp\/v2\/pages\/126","targetHints":{"allow":["GET"]}}],"collection":[{"href":"https:\/\/crfmv.com\/fr\/wp-json\/wp\/v2\/pages"}],"about":[{"href":"https:\/\/crfmv.com\/fr\/wp-json\/wp\/v2\/types\/page"}],"author":[{"embeddable":true,"href":"https:\/\/crfmv.com\/fr\/wp-json\/wp\/v2\/users\/2"}],"replies":[{"embeddable":true,"href":"https:\/\/crfmv.com\/fr\/wp-json\/wp\/v2\/comments?post=126"}],"version-history":[{"count":100,"href":"https:\/\/crfmv.com\/fr\/wp-json\/wp\/v2\/pages\/126\/revisions"}],"predecessor-version":[{"id":13759,"href":"https:\/\/crfmv.com\/fr\/wp-json\/wp\/v2\/pages\/126\/revisions\/13759"}],"wp:attachment":[{"href":"https:\/\/crfmv.com\/fr\/wp-json\/wp\/v2\/media?parent=126"}],"curies":[{"name":"wp","href":"https:\/\/api.w.org\/{rel}","templated":true}]}}