{"id":1771,"date":"2019-11-08T12:55:58","date_gmt":"2019-11-08T17:55:58","guid":{"rendered":"https:\/\/crfmv.com\/?page_id=1771"},"modified":"2025-05-27T08:32:58","modified_gmt":"2025-05-27T12:32:58","slug":"rencontre-personnalisee-lors-dune-mutation","status":"publish","type":"page","link":"https:\/\/crfmv.com\/fr\/rencontre-personnalisee-lors-dune-mutation\/","title":{"rendered":"Rencontre personnalis\u00e9e lors d&rsquo;une mutation"},"content":{"rendered":"<p>[et_pb_section fb_built=\u00a0\u00bb1&Prime; _builder_version=\u00a0\u00bb4.16&Prime; global_colors_info=\u00a0\u00bb{}\u00a0\u00bb][et_pb_row _builder_version=\u00a0\u00bb4.16&Prime; background_size=\u00a0\u00bbinitial\u00a0\u00bb background_position=\u00a0\u00bbtop_left\u00a0\u00bb background_repeat=\u00a0\u00bbrepeat\u00a0\u00bb max_width=\u00a0\u00bb800px\u00a0\u00bb global_colors_info=\u00a0\u00bb{}\u00a0\u00bb admin_label=\u00a0\u00bbLigne\u00a0\u00bb][et_pb_column type=\u00a0\u00bb4_4&Prime; _builder_version=\u00a0\u00bb4.16&Prime; custom_padding=\u00a0\u00bb|||\u00a0\u00bb global_colors_info=\u00a0\u00bb{}\u00a0\u00bb custom_padding__hover=\u00a0\u00bb|||\u00a0\u00bb][et_pb_text _builder_version=\u00a0\u00bb4.16&Prime; background_size=\u00a0\u00bbinitial\u00a0\u00bb background_position=\u00a0\u00bbtop_left\u00a0\u00bb background_repeat=\u00a0\u00bbrepeat\u00a0\u00bb global_colors_info=\u00a0\u00bb{}\u00a0\u00bb]<\/p>\n<h2>Rencontre personnalis\u00e9e lors d&rsquo;une mutation<\/h2>\n<p>Un intervenant qui connait et comprend la r\u00e9alit\u00e9 des mutations est disponible pour r\u00e9pondre \u00e0 vos questions et pour vous guider vers les bonnes ressources. Les rencontres sont personnalis\u00e9es selon vos besoins, confidentielles et gratuites.<o:p><\/o:p><\/p>\n<p>Veuillez s\u00e9lectionner la date et l&rsquo;heure qui vous convient et remplir le formulaire de r\u00e9servation.<\/p>\n<p>[\/et_pb_text][et_pb_code _builder_version=\u00a0\u00bb4.16&Prime; global_colors_info=\u00a0\u00bb{}\u00a0\u00bb]<div class=\"wp-block-calendar-booking-single-service-flow startbooking-block-single-service\"><div class=\"items-list\"><div class=\"item\"><div class=\"sb-content\"><div class=\"item-head\"><h2>Rencontre personnalis\u00e9e lors d'une mutation<\/h2><\/div><p>Une intervenante qui conna\u00eet et comprend cette r\u00e9alit\u00e9 est disponible pour r\u00e9pondre \u00e0 vos questions et pour vous guider vers les bonnes ressources. Les rencontres sont personnalis\u00e9es selon vos besoins, confidentielles et gratuites.<\/p><div class=\"item-footer\"><div class=\"time\"><\/div><a dusk=\"select-service\" style=\"color: #FFFFFF;\t\t\t\tbackground: #1480e6 none repeat scroll 0% 0%;\t\t\t\tbox-shadow: #1480e6 0px 0px 0px 2px inset;\t\t\t\tborder-radius: 4px;\t\t\t\tfont-size: 14px;\t\t\t\tfont-weight: bold;\t\t\t\tline-height: 1.2;\t\t\t\tdisplay: inline-block;\t\t\t\tvertical-align:top;\t\t\t\ttext-align: center;\t\t\t\tpadding: 10px 13px;\t\t\t\tcursor: pointer;\t\t\t\ttext-decoration: none;\" class=\"button\" href=\"?cbsb_force=true&service=e4YePzm74\" >Continuer<\/a><\/div><\/div><\/div><\/div><\/div>[\/et_pb_code][\/et_pb_column][\/et_pb_row][\/et_pb_section][et_pb_section fb_built=\u00a0\u00bb1&Prime; _builder_version=\u00a0\u00bb4.21.0&Prime; background_color=\u00a0\u00bb#1f1c3e\u00a0\u00bb min_height=\u00a0\u00bb34px\u00a0\u00bb custom_margin=\u00a0\u00bb57px|||||\u00a0\u00bb custom_padding=\u00a0\u00bb0px||1px|||\u00a0\u00bb global_module=\u00a0\u00bb285&Prime; saved_tabs=\u00a0\u00bball\u00a0\u00bb locked=\u00a0\u00bboff\u00a0\u00bb global_colors_info=\u00a0\u00bb{}\u00a0\u00bb][\/et_pb_section]<\/p>\n","protected":false},"excerpt":{"rendered":"<p>Rencontre personnalis\u00e9e lors d&rsquo;une mutation Un intervenant qui connait et comprend la r\u00e9alit\u00e9 des mutations est disponible pour r\u00e9pondre \u00e0 vos questions et pour vous guider vers les bonnes ressources. [&hellip;]<\/p>\n","protected":false},"author":38,"featured_media":0,"parent":0,"menu_order":0,"comment_status":"closed","ping_status":"closed","template":"","meta":{"_et_pb_use_builder":"on","_et_pb_old_content":"[startbooking flow=\"single-service\" service=\"e4YePzm74\"]","_et_gb_content_width":"","_price":"","_stock":"","_tribe_ticket_header":"","_tribe_default_ticket_provider":"","_tribe_ticket_capacity":"0","_ticket_start_date":"","_ticket_end_date":"","_tribe_ticket_show_description":"","_tribe_ticket_show_not_going":false,"_tribe_ticket_use_global_stock":"","_tribe_ticket_global_stock_level":"","_global_stock_mode":"","_global_stock_cap":"","_tribe_rsvp_for_event":"","_tribe_ticket_going_count":"","_tribe_ticket_not_going_count":"","_tribe_tickets_list":"[]","_tribe_ticket_has_attendee_info_fields":false,"footnotes":"","_tec_slr_enabled":"","_tec_slr_layout":""},"class_list":["post-1771","page","type-page","status-publish","hentry"],"yoast_head":"<!-- This site is optimized with the Yoast SEO plugin v26.8 - https:\/\/yoast.com\/product\/yoast-seo-wordpress\/ -->\n<title>Rencontre personnalis\u00e9e lors d&#039;une mutation - CRFM Valcartier<\/title>\n<meta name=\"robots\" content=\"index, follow, max-snippet:-1, max-image-preview:large, max-video-preview:-1\" \/>\n<link rel=\"canonical\" href=\"https:\/\/crfmv.com\/fr\/rencontre-personnalisee-lors-dune-mutation\/\" \/>\n<meta property=\"og:locale\" content=\"fr_FR\" \/>\n<meta property=\"og:type\" content=\"article\" \/>\n<meta property=\"og:title\" content=\"Rencontre personnalis\u00e9e lors d&#039;une mutation - CRFM Valcartier\" \/>\n<meta property=\"og:description\" content=\"Rencontre personnalis\u00e9e lors d&#039;une mutation Un intervenant qui connait et comprend la r\u00e9alit\u00e9 des mutations est disponible pour r\u00e9pondre \u00e0 vos questions et pour vous guider vers les bonnes ressources. [&hellip;]\" \/>\n<meta property=\"og:url\" content=\"https:\/\/crfmv.com\/fr\/rencontre-personnalisee-lors-dune-mutation\/\" \/>\n<meta property=\"og:site_name\" content=\"CRFM Valcartier\" \/>\n<meta property=\"article:publisher\" content=\"https:\/\/www.facebook.com\/CFvalcartier\" \/>\n<meta property=\"article:modified_time\" content=\"2025-05-27T12:32:58+00:00\" \/>\n<meta name=\"twitter:card\" content=\"summary_large_image\" \/>\n<meta name=\"twitter:label1\" content=\"Dur\u00e9e de lecture estim\u00e9e\" \/>\n\t<meta name=\"twitter:data1\" content=\"1 minute\" \/>\n<script type=\"application\/ld+json\" class=\"yoast-schema-graph\">{\"@context\":\"https:\/\/schema.org\",\"@graph\":[{\"@type\":\"WebPage\",\"@id\":\"https:\/\/crfmv.com\/fr\/rencontre-personnalisee-lors-dune-mutation\/\",\"url\":\"https:\/\/crfmv.com\/fr\/rencontre-personnalisee-lors-dune-mutation\/\",\"name\":\"Rencontre personnalis\u00e9e lors d'une mutation - CRFM Valcartier\",\"isPartOf\":{\"@id\":\"https:\/\/crfmv.com\/fr\/#website\"},\"datePublished\":\"2019-11-08T17:55:58+00:00\",\"dateModified\":\"2025-05-27T12:32:58+00:00\",\"breadcrumb\":{\"@id\":\"https:\/\/crfmv.com\/fr\/rencontre-personnalisee-lors-dune-mutation\/#breadcrumb\"},\"inLanguage\":\"fr-FR\",\"potentialAction\":[{\"@type\":\"ReadAction\",\"target\":[\"https:\/\/crfmv.com\/fr\/rencontre-personnalisee-lors-dune-mutation\/\"]}]},{\"@type\":\"BreadcrumbList\",\"@id\":\"https:\/\/crfmv.com\/fr\/rencontre-personnalisee-lors-dune-mutation\/#breadcrumb\",\"itemListElement\":[{\"@type\":\"ListItem\",\"position\":1,\"name\":\"Accueil\",\"item\":\"https:\/\/crfmv.com\/fr\/\"},{\"@type\":\"ListItem\",\"position\":2,\"name\":\"Rencontre personnalis\u00e9e lors d&rsquo;une mutation\"}]},{\"@type\":\"WebSite\",\"@id\":\"https:\/\/crfmv.com\/fr\/#website\",\"url\":\"https:\/\/crfmv.com\/fr\/\",\"name\":\"CRFM Valcartier\",\"description\":\"Centre de ressources pour les familles militaires Valcartier\",\"publisher\":{\"@id\":\"https:\/\/crfmv.com\/fr\/#organization\"},\"potentialAction\":[{\"@type\":\"SearchAction\",\"target\":{\"@type\":\"EntryPoint\",\"urlTemplate\":\"https:\/\/crfmv.com\/fr\/?s={search_term_string}\"},\"query-input\":{\"@type\":\"PropertyValueSpecification\",\"valueRequired\":true,\"valueName\":\"search_term_string\"}}],\"inLanguage\":\"fr-FR\"},{\"@type\":\"Organization\",\"@id\":\"https:\/\/crfmv.com\/fr\/#organization\",\"name\":\"Centre de la Famille Valcartier\",\"url\":\"https:\/\/crfmv.com\/fr\/\",\"logo\":{\"@type\":\"ImageObject\",\"inLanguage\":\"fr-FR\",\"@id\":\"https:\/\/crfmv.com\/fr\/#\/schema\/logo\/image\/\",\"url\":\"https:\/\/crfmv.com\/wp-content\/uploads\/2019\/08\/logo-CFV-2010-01.png\",\"contentUrl\":\"https:\/\/crfmv.com\/wp-content\/uploads\/2019\/08\/logo-CFV-2010-01.png\",\"width\":376,\"height\":376,\"caption\":\"Centre de la Famille Valcartier\"},\"image\":{\"@id\":\"https:\/\/crfmv.com\/fr\/#\/schema\/logo\/image\/\"},\"sameAs\":[\"https:\/\/www.facebook.com\/CFvalcartier\",\"https:\/\/www.instagram.com\/agent_info_cfv\",\"https:\/\/www.linkedin.com\/company\/centre-de-la-famille-valcartier\/\",\"https:\/\/www.pinterest.ca\/agenteliaisoncf\/pins\/\",\"https:\/\/www.youtube.com\/channel\/UCdLAsxyb6wN-q7bDaZYzuZw?view_as=subscriber\"]}]}<\/script>\n<!-- \/ Yoast SEO plugin. -->","yoast_head_json":{"title":"Rencontre personnalis\u00e9e lors d'une mutation - CRFM Valcartier","robots":{"index":"index","follow":"follow","max-snippet":"max-snippet:-1","max-image-preview":"max-image-preview:large","max-video-preview":"max-video-preview:-1"},"canonical":"https:\/\/crfmv.com\/fr\/rencontre-personnalisee-lors-dune-mutation\/","og_locale":"fr_FR","og_type":"article","og_title":"Rencontre personnalis\u00e9e lors d'une mutation - CRFM Valcartier","og_description":"Rencontre personnalis\u00e9e lors d'une mutation Un intervenant qui connait et comprend la r\u00e9alit\u00e9 des mutations est disponible pour r\u00e9pondre \u00e0 vos questions et pour vous guider vers les bonnes ressources. [&hellip;]","og_url":"https:\/\/crfmv.com\/fr\/rencontre-personnalisee-lors-dune-mutation\/","og_site_name":"CRFM Valcartier","article_publisher":"https:\/\/www.facebook.com\/CFvalcartier","article_modified_time":"2025-05-27T12:32:58+00:00","twitter_card":"summary_large_image","twitter_misc":{"Dur\u00e9e de lecture estim\u00e9e":"1 minute"},"schema":{"@context":"https:\/\/schema.org","@graph":[{"@type":"WebPage","@id":"https:\/\/crfmv.com\/fr\/rencontre-personnalisee-lors-dune-mutation\/","url":"https:\/\/crfmv.com\/fr\/rencontre-personnalisee-lors-dune-mutation\/","name":"Rencontre personnalis\u00e9e lors d'une mutation - CRFM Valcartier","isPartOf":{"@id":"https:\/\/crfmv.com\/fr\/#website"},"datePublished":"2019-11-08T17:55:58+00:00","dateModified":"2025-05-27T12:32:58+00:00","breadcrumb":{"@id":"https:\/\/crfmv.com\/fr\/rencontre-personnalisee-lors-dune-mutation\/#breadcrumb"},"inLanguage":"fr-FR","potentialAction":[{"@type":"ReadAction","target":["https:\/\/crfmv.com\/fr\/rencontre-personnalisee-lors-dune-mutation\/"]}]},{"@type":"BreadcrumbList","@id":"https:\/\/crfmv.com\/fr\/rencontre-personnalisee-lors-dune-mutation\/#breadcrumb","itemListElement":[{"@type":"ListItem","position":1,"name":"Accueil","item":"https:\/\/crfmv.com\/fr\/"},{"@type":"ListItem","position":2,"name":"Rencontre personnalis\u00e9e lors d&rsquo;une mutation"}]},{"@type":"WebSite","@id":"https:\/\/crfmv.com\/fr\/#website","url":"https:\/\/crfmv.com\/fr\/","name":"CRFM Valcartier","description":"Centre de ressources pour les familles militaires Valcartier","publisher":{"@id":"https:\/\/crfmv.com\/fr\/#organization"},"potentialAction":[{"@type":"SearchAction","target":{"@type":"EntryPoint","urlTemplate":"https:\/\/crfmv.com\/fr\/?s={search_term_string}"},"query-input":{"@type":"PropertyValueSpecification","valueRequired":true,"valueName":"search_term_string"}}],"inLanguage":"fr-FR"},{"@type":"Organization","@id":"https:\/\/crfmv.com\/fr\/#organization","name":"Centre de la Famille Valcartier","url":"https:\/\/crfmv.com\/fr\/","logo":{"@type":"ImageObject","inLanguage":"fr-FR","@id":"https:\/\/crfmv.com\/fr\/#\/schema\/logo\/image\/","url":"https:\/\/crfmv.com\/wp-content\/uploads\/2019\/08\/logo-CFV-2010-01.png","contentUrl":"https:\/\/crfmv.com\/wp-content\/uploads\/2019\/08\/logo-CFV-2010-01.png","width":376,"height":376,"caption":"Centre de la Famille Valcartier"},"image":{"@id":"https:\/\/crfmv.com\/fr\/#\/schema\/logo\/image\/"},"sameAs":["https:\/\/www.facebook.com\/CFvalcartier","https:\/\/www.instagram.com\/agent_info_cfv","https:\/\/www.linkedin.com\/company\/centre-de-la-famille-valcartier\/","https:\/\/www.pinterest.ca\/agenteliaisoncf\/pins\/","https:\/\/www.youtube.com\/channel\/UCdLAsxyb6wN-q7bDaZYzuZw?view_as=subscriber"]}]}},"ticketed":false,"_links":{"self":[{"href":"https:\/\/crfmv.com\/fr\/wp-json\/wp\/v2\/pages\/1771","targetHints":{"allow":["GET"]}}],"collection":[{"href":"https:\/\/crfmv.com\/fr\/wp-json\/wp\/v2\/pages"}],"about":[{"href":"https:\/\/crfmv.com\/fr\/wp-json\/wp\/v2\/types\/page"}],"author":[{"embeddable":true,"href":"https:\/\/crfmv.com\/fr\/wp-json\/wp\/v2\/users\/38"}],"replies":[{"embeddable":true,"href":"https:\/\/crfmv.com\/fr\/wp-json\/wp\/v2\/comments?post=1771"}],"version-history":[{"count":9,"href":"https:\/\/crfmv.com\/fr\/wp-json\/wp\/v2\/pages\/1771\/revisions"}],"predecessor-version":[{"id":13552,"href":"https:\/\/crfmv.com\/fr\/wp-json\/wp\/v2\/pages\/1771\/revisions\/13552"}],"wp:attachment":[{"href":"https:\/\/crfmv.com\/fr\/wp-json\/wp\/v2\/media?parent=1771"}],"curies":[{"name":"wp","href":"https:\/\/api.w.org\/{rel}","templated":true}]}}