{"id":1787,"date":"2019-11-08T13:29:32","date_gmt":"2019-11-08T18:29:32","guid":{"rendered":"https:\/\/crfmv.com\/?page_id=1787"},"modified":"2019-11-13T14:18:01","modified_gmt":"2019-11-13T19:18:01","slug":"rencontre-personnalisee-lors-dune-absence","status":"publish","type":"page","link":"https:\/\/crfmv.com\/fr\/rencontre-personnalisee-lors-dune-absence\/","title":{"rendered":"Rencontre personnalis\u00e9e lors d&rsquo;une absence"},"content":{"rendered":"<p>[et_pb_section fb_built=\u00a0\u00bb1&Prime; _builder_version=\u00a0\u00bb3.22&Prime; fb_built=\u00a0\u00bb1&Prime; _i=\u00a0\u00bb0&Prime; _address=\u00a0\u00bb0&Prime;][et_pb_row _builder_version=\u00a0\u00bb3.27.3&Prime; background_size=\u00a0\u00bbinitial\u00a0\u00bb background_position=\u00a0\u00bbtop_left\u00a0\u00bb background_repeat=\u00a0\u00bbrepeat\u00a0\u00bb max_width=\u00a0\u00bb800px\u00a0\u00bb _i=\u00a0\u00bb0&Prime; _address=\u00a0\u00bb0.0&Prime;][et_pb_column type=\u00a0\u00bb4_4&Prime; _builder_version=\u00a0\u00bb3.25&Prime; custom_padding=\u00a0\u00bb|||\u00a0\u00bb _i=\u00a0\u00bb0&Prime; _address=\u00a0\u00bb0.0.0&Prime; custom_padding__hover=\u00a0\u00bb|||\u00a0\u00bb][et_pb_text _builder_version=\u00a0\u00bb3.27.3&Prime; background_size=\u00a0\u00bbinitial\u00a0\u00bb background_position=\u00a0\u00bbtop_left\u00a0\u00bb background_repeat=\u00a0\u00bbrepeat\u00a0\u00bb width=\u00a0\u00bb100%\u00a0\u00bb max_width=\u00a0\u00bb100%\u00a0\u00bb custom_margin=\u00a0\u00bb0px||||false|false\u00a0\u00bb _i=\u00a0\u00bb0&Prime; _address=\u00a0\u00bb0.0.0.0&Prime;]<\/p>\n<h2>Rencontre personnalis\u00e9e lors d&rsquo;une absence<\/h2>\n<p>Un intervenant qui connait et comprend la r\u00e9alit\u00e9 des absences est disponible pour r\u00e9pondre \u00e0 vos questions et pour vous guider vers les bonnes ressources. Les rencontres sont personnalis\u00e9es selon vos besoins, confidentielles et gratuites.<o:p><\/o:p><\/p>\n<p>Veuillez s\u00e9lectionner la date et l&rsquo;heure qui vous convient et remplir le formulaire de r\u00e9servation.<\/p>\n<p>[\/et_pb_text][et_pb_code _builder_version=\u00a0\u00bb3.27.3&Prime; _i=\u00a0\u00bb1&Prime; _address=\u00a0\u00bb0.0.0.1&Prime;]<div class=\"wp-block-calendar-booking-single-service-flow startbooking-block-single-service\"><div class=\"items-list\"><div class=\"item\"><div class=\"sb-content\"><div class=\"item-head\"><h2>Rencontre personnalis\u00e9e lors d'une absence<\/h2><\/div><p>Une intervenante qui connait et comprend cette r\u00e9alit\u00e9 est disponible pour r\u00e9pondre \u00e0 vos questions et pour vous guider vers les bonnes ressources. Les rencontres sont personnalis\u00e9es selon vos besoins, confidentielles et gratuites.<\/p><div class=\"item-footer\"><div class=\"time\"><\/div><a dusk=\"select-service\" style=\"color: #FFFFFF;\t\t\t\tbackground: #1480e6 none repeat scroll 0% 0%;\t\t\t\tbox-shadow: #1480e6 0px 0px 0px 2px inset;\t\t\t\tborder-radius: 4px;\t\t\t\tfont-size: 14px;\t\t\t\tfont-weight: bold;\t\t\t\tline-height: 1.2;\t\t\t\tdisplay: inline-block;\t\t\t\tvertical-align:top;\t\t\t\ttext-align: center;\t\t\t\tpadding: 10px 13px;\t\t\t\tcursor: pointer;\t\t\t\ttext-decoration: none;\" class=\"button\" href=\"?cbsb_force=true&service=dJgAxAbn6\" >Continuer<\/a><\/div><\/div><\/div><\/div><\/div>[\/et_pb_code][\/et_pb_column][\/et_pb_row][\/et_pb_section][et_pb_section fb_built=\u00a0\u00bb1&Prime; _builder_version=\u00a0\u00bb3.25.3&Prime; background_color=\u00a0\u00bb#1f1c3e\u00a0\u00bb global_module=\u00a0\u00bb285&Prime; saved_tabs=\u00a0\u00bball\u00a0\u00bb locked=\u00a0\u00bboff\u00a0\u00bb fb_built=\u00a0\u00bb1&Prime; _i=\u00a0\u00bb6&Prime; _address=\u00a0\u00bb6&Prime;][et_pb_row column_structure=\u00a0\u00bb1_3,1_3,1_3&Prime; _builder_version=\u00a0\u00bb3.27.3&Prime; width=\u00a0\u00bb90%\u00a0\u00bb max_width=\u00a0\u00bb1300px\u00a0\u00bb _i=\u00a0\u00bb0&Prime; _address=\u00a0\u00bb1.0&Prime;][et_pb_column type=\u00a0\u00bb1_3&Prime; _builder_version=\u00a0\u00bb3.25.3&Prime; _i=\u00a0\u00bb0&Prime; _address=\u00a0\u00bb1.0.0&Prime;][et_pb_text _builder_version=\u00a0\u00bb3.27.3&Prime; text_font=\u00a0\u00bbRoboto|900|||||||\u00a0\u00bb text_text_align=\u00a0\u00bbleft\u00a0\u00bb text_text_color=\u00a0\u00bb#FFFFFF\u00a0\u00bb text_font_size=\u00a0\u00bb15px\u00a0\u00bb text_line_height=\u00a0\u00bb0em\u00a0\u00bb link_font=\u00a0\u00bb||||||||\u00a0\u00bb header_font=\u00a0\u00bb||||||||\u00a0\u00bb header_font_size=\u00a0\u00bb32px\u00a0\u00bb min_height=\u00a0\u00bb377px\u00a0\u00bb custom_margin=\u00a0\u00bb||7px|||\u00a0\u00bb inline_fonts=\u00a0\u00bbRoboto\u00a0\u00bb _i=\u00a0\u00bb0&Prime; _address=\u00a0\u00bb1.0.0.0&Prime;]<\/p>\n<p><strong><span style=\"font-family: Roboto; color: #ffffff;\">Plan du site<\/span><\/strong><\/p>\n<p style=\"padding-left: 30px;\"><a href=\"crfmv.com\"><strong><span style=\"font-family: Roboto; color: #ffffff;\">Accueil<br \/> <\/span><\/strong><\/a><\/p>\n<p style=\"padding-left: 30px;\"><a href=\"crfmv.com\"><strong><span style=\"font-family: Roboto; color: #ffffff;\">Absence<\/span><\/strong><\/a><\/p>\n<p style=\"padding-left: 30px;\"><a href=\"https:\/\/crfmv.com\/action-benevole\/\"><strong><span style=\"font-family: Roboto; color: #ffffff;\">Action b\u00e9n\u00e9vole<\/span><\/strong><\/a><\/p>\n<p style=\"padding-left: 30px;\"><strong><span style=\"font-family: Roboto; color: #ffffff;\">Enfance<br \/> <\/span><\/strong><\/p>\n<p style=\"padding-left: 30px;\"><a href=\"https:\/\/crfmv.com\/famille_veteran\/\"><strong><span style=\"font-family: Roboto; color: #ffffff;\">Famille et V\u00e9t\u00e9ran<\/span><\/strong><\/a><\/p>\n<p style=\"padding-left: 30px;\"><a href=\"crfmv.com\/jeunesse\"><strong><span style=\"font-family: Roboto; color: #ffffff;\">Jeunesse<\/span><\/strong><\/a><\/p>\n<p style=\"padding-left: 30px;\"><a href=\"https:\/\/crfmv.com\/intervention-psychosociale\/\"><strong><span style=\"font-family: Roboto; color: #ffffff;\">Intervention<\/span><\/strong><\/a><\/p>\n<p style=\"padding-left: 30px;\"><a href=\"crfmv.com\/mutation\"><strong><span style=\"font-family: Roboto; color: #ffffff;\">Mutation<\/span><\/strong><\/a><\/p>\n<p style=\"padding-left: 30px;\"><span style=\"color: #ffffff;\"><a href=\"https:\/\/crfmv.com\/fort\/\" style=\"color: #ffffff;\"><strong><span style=\"font-family: Roboto;\">Service d&rsquo;aide \u00e0 l&#8217;emploi \/ \u00e9ducation<\/span><\/strong><\/a><\/span><\/p>\n<p style=\"padding-left: 30px;\"><a href=\"crfmv.com#contact\"><strong><span style=\"font-family: Roboto; color: #ffffff;\">Contact<\/span><\/strong><\/a><\/p>\n<p>[\/et_pb_text][\/et_pb_column][et_pb_column type=\u00a0\u00bb1_3&Prime; _builder_version=\u00a0\u00bb3.25.3&Prime; _i=\u00a0\u00bb1&Prime; _address=\u00a0\u00bb1.0.1&Prime;][et_pb_text _builder_version=\u00a0\u00bb3.27.3&Prime; text_font=\u00a0\u00bbRoboto|900|||||||\u00a0\u00bb text_line_height=\u00a0\u00bb0em\u00a0\u00bb _i=\u00a0\u00bb0&Prime; _address=\u00a0\u00bb1.0.1.0&Prime;]<\/p>\n<h3><span style=\"color: #ffffff;\"><strong>Pour nous joindre<\/strong><\/span><\/h3>\n<p style=\"padding-left: 30px;\"><a href=\"https:\/\/www.connexionfac.ca\/Valcartier\/Accueil\"><span style=\"color: #ffffff;\">Connectionfac.ca\/valcartier<\/span><\/a><\/p>\n<p style=\"padding-left: 30px;\"><span style=\"color: #ffffff;\"><a href=\"mailto:info@crfmv.com\" style=\"color: #ffffff;\">info@crfmv.com<\/a><\/span><\/p>\n<p style=\"padding-left: 30px;\"><span style=\"color: #ffffff;\">T\u00e9l\u00e9phone : 1 877 844-6060<\/span><\/p>\n<p style=\"padding-left: 30px;\"><span style=\"color: #ffffff;\">T\u00e9l\u00e9copieur : 418 844-3959<\/span><\/p>\n<p style=\"padding-left: 30px;\">[\/et_pb_text][\/et_pb_column][et_pb_column type=\u00a0\u00bb1_3&Prime; _builder_version=\u00a0\u00bb3.25.3&Prime; _i=\u00a0\u00bb2&Prime; _address=\u00a0\u00bb1.0.2&Prime;][et_pb_text _builder_version=\u00a0\u00bb3.25.3&Prime; text_font=\u00a0\u00bbRoboto|900|||||||\u00a0\u00bb text_text_color=\u00a0\u00bb#000000&Prime; text_line_height=\u00a0\u00bb0em\u00a0\u00bb header_font=\u00a0\u00bb||||||||\u00a0\u00bb _i=\u00a0\u00bb0&Prime; _address=\u00a0\u00bb1.0.2.0&Prime;]<\/p>\n<h3><span style=\"color: #f7f7f7;\"><strong>Pour nous suivre<\/strong><\/span><\/h3>\n<p style=\"padding-left: 30px;\"><img decoding=\"async\" src=\"https:\/\/crfmv.com\/wp-content\/uploads\/2019\/08\/f_logo_RGB-White_58-e1565029694223.png\" \/>\u00a0 <a href=\"https:\/\/www.facebook.com\/CFvalcartier\/?modal=admin_todo_tour\" target=\"_blank\" rel=\"noopener noreferrer\"><span style=\"color: #f7f7f7;\">Centre de la Famille Valcartier<\/span><\/a><mg vertical-align:=\"\" p=\"\"><\/mg><\/p>\n<p style=\"padding-left: 30px;\"><img decoding=\"async\" src=\"https:\/\/crfmv.com\/wp-content\/uploads\/2019\/08\/f_logo_RGB-White_58-e1565029694223.png\" \/>\u00a0 <a href=\"https:\/\/www.facebook.com\/groups\/envolcfv\/\" target=\"_blank\" rel=\"noopener noreferrer\"><span style=\"color: #f7f7f7;\">Envol<\/span><\/a><\/p>\n<p style=\"padding-left: 30px;\"><img decoding=\"async\" src=\"https:\/\/crfmv.com\/wp-content\/uploads\/2019\/08\/f_logo_RGB-White_58-e1565029694223.png\" \/>\u00a0 <a href=\"https:\/\/www.facebook.com\/groups\/2110438732604766\/?source_id=1022620221279987\" target=\"_blank\" rel=\"noopener noreferrer\"><span style=\"color: #f7f7f7;\">Service en Vrac<\/span><\/a><\/p>\n<p style=\"padding-left: 30px;\"><img decoding=\"async\" src=\"https:\/\/crfmv.com\/wp-content\/uploads\/2019\/08\/glyph-logo_May2016-01-e1565030283314.png\" \/>.\u00a0 <a href=\"https:\/\/www.instagram.com\/agent_info_cfv\/?hl=fr-ca\" target=\"_blank\" rel=\"noopener noreferrer\"><span style=\"color: #f7f7f7;\">Agent d&rsquo;info CFV<\/span><\/a><\/p>\n<p style=\"padding-left: 30px;\"><a href=\"https:\/\/www.pinterest.ca\/agenteliaisoncf\/\" target=\"_blank\" rel=\"noopener noreferrer\"><img decoding=\"async\" src=\"https:\/\/crfmv.com\/wp-content\/uploads\/2019\/08\/badgeRGB-white-e1565617807370.png\" \/>. <span style=\"color: #f7f7f7;\">Centre de la Famille Valcartier<\/span><\/a><\/p>\n<p>[\/et_pb_text][\/et_pb_column][\/et_pb_row][\/et_pb_section]<\/p>\n","protected":false},"excerpt":{"rendered":"<p>Rencontre personnalis\u00e9e lors d&rsquo;une absence Un intervenant qui connait et comprend la r\u00e9alit\u00e9 des absences est disponible pour r\u00e9pondre \u00e0 vos questions et pour vous guider vers les bonnes ressources. [&hellip;]<\/p>\n","protected":false},"author":38,"featured_media":0,"parent":0,"menu_order":0,"comment_status":"closed","ping_status":"closed","template":"","meta":{"_et_pb_use_builder":"on","_et_pb_old_content":"[startbooking flow=\"single-service\" service=\"e4YePzm74\"]","_et_gb_content_width":"","_price":"","_stock":"","_tribe_ticket_header":"","_tribe_default_ticket_provider":"","_tribe_ticket_capacity":"0","_ticket_start_date":"","_ticket_end_date":"","_tribe_ticket_show_description":"","_tribe_ticket_show_not_going":false,"_tribe_ticket_use_global_stock":"","_tribe_ticket_global_stock_level":"","_global_stock_mode":"","_global_stock_cap":"","_tribe_rsvp_for_event":"","_tribe_ticket_going_count":"","_tribe_ticket_not_going_count":"","_tribe_tickets_list":"[]","_tribe_ticket_has_attendee_info_fields":false,"footnotes":"","_tec_slr_enabled":"","_tec_slr_layout":""},"class_list":["post-1787","page","type-page","status-publish","hentry"],"yoast_head":"<!-- This site is optimized with the Yoast SEO plugin v26.8 - https:\/\/yoast.com\/product\/yoast-seo-wordpress\/ -->\n<title>Rencontre personnalis\u00e9e lors d&#039;une absence - CRFM Valcartier<\/title>\n<meta name=\"robots\" content=\"index, follow, max-snippet:-1, max-image-preview:large, max-video-preview:-1\" \/>\n<link rel=\"canonical\" href=\"https:\/\/crfmv.com\/fr\/rencontre-personnalisee-lors-dune-absence\/\" \/>\n<meta property=\"og:locale\" content=\"fr_FR\" \/>\n<meta property=\"og:type\" content=\"article\" \/>\n<meta property=\"og:title\" content=\"Rencontre personnalis\u00e9e lors d&#039;une absence - CRFM Valcartier\" \/>\n<meta property=\"og:description\" content=\"Rencontre personnalis\u00e9e lors d&#039;une absence Un intervenant qui connait et comprend la r\u00e9alit\u00e9 des absences est disponible pour r\u00e9pondre \u00e0 vos questions et pour vous guider vers les bonnes ressources. [&hellip;]\" \/>\n<meta property=\"og:url\" content=\"https:\/\/crfmv.com\/fr\/rencontre-personnalisee-lors-dune-absence\/\" \/>\n<meta property=\"og:site_name\" content=\"CRFM Valcartier\" \/>\n<meta property=\"article:publisher\" content=\"https:\/\/www.facebook.com\/CFvalcartier\" \/>\n<meta property=\"article:modified_time\" content=\"2019-11-13T19:18:01+00:00\" \/>\n<meta property=\"og:image\" content=\"https:\/\/crfmv.com\/wp-content\/uploads\/2019\/08\/f_logo_RGB-White_58-e1565029694223.png\" \/>\n<meta name=\"twitter:card\" content=\"summary_large_image\" \/>\n<meta name=\"twitter:label1\" content=\"Dur\u00e9e de lecture estim\u00e9e\" \/>\n\t<meta name=\"twitter:data1\" content=\"2 minutes\" \/>\n<script type=\"application\/ld+json\" class=\"yoast-schema-graph\">{\"@context\":\"https:\/\/schema.org\",\"@graph\":[{\"@type\":\"WebPage\",\"@id\":\"https:\/\/crfmv.com\/fr\/rencontre-personnalisee-lors-dune-absence\/\",\"url\":\"https:\/\/crfmv.com\/fr\/rencontre-personnalisee-lors-dune-absence\/\",\"name\":\"Rencontre personnalis\u00e9e lors d'une absence - CRFM Valcartier\",\"isPartOf\":{\"@id\":\"https:\/\/crfmv.com\/fr\/#website\"},\"primaryImageOfPage\":{\"@id\":\"https:\/\/crfmv.com\/fr\/rencontre-personnalisee-lors-dune-absence\/#primaryimage\"},\"image\":{\"@id\":\"https:\/\/crfmv.com\/fr\/rencontre-personnalisee-lors-dune-absence\/#primaryimage\"},\"thumbnailUrl\":\"https:\/\/crfmv.com\/wp-content\/uploads\/2019\/08\/f_logo_RGB-White_58-e1565029694223.png\",\"datePublished\":\"2019-11-08T18:29:32+00:00\",\"dateModified\":\"2019-11-13T19:18:01+00:00\",\"breadcrumb\":{\"@id\":\"https:\/\/crfmv.com\/fr\/rencontre-personnalisee-lors-dune-absence\/#breadcrumb\"},\"inLanguage\":\"fr-FR\",\"potentialAction\":[{\"@type\":\"ReadAction\",\"target\":[\"https:\/\/crfmv.com\/fr\/rencontre-personnalisee-lors-dune-absence\/\"]}]},{\"@type\":\"ImageObject\",\"inLanguage\":\"fr-FR\",\"@id\":\"https:\/\/crfmv.com\/fr\/rencontre-personnalisee-lors-dune-absence\/#primaryimage\",\"url\":\"https:\/\/crfmv.com\/wp-content\/uploads\/2019\/08\/f_logo_RGB-White_58-e1565029694223.png\",\"contentUrl\":\"https:\/\/crfmv.com\/wp-content\/uploads\/2019\/08\/f_logo_RGB-White_58-e1565029694223.png\"},{\"@type\":\"BreadcrumbList\",\"@id\":\"https:\/\/crfmv.com\/fr\/rencontre-personnalisee-lors-dune-absence\/#breadcrumb\",\"itemListElement\":[{\"@type\":\"ListItem\",\"position\":1,\"name\":\"Accueil\",\"item\":\"https:\/\/crfmv.com\/fr\/\"},{\"@type\":\"ListItem\",\"position\":2,\"name\":\"Rencontre personnalis\u00e9e lors d&rsquo;une absence\"}]},{\"@type\":\"WebSite\",\"@id\":\"https:\/\/crfmv.com\/fr\/#website\",\"url\":\"https:\/\/crfmv.com\/fr\/\",\"name\":\"CRFM Valcartier\",\"description\":\"Centre de ressources pour les familles militaires Valcartier\",\"publisher\":{\"@id\":\"https:\/\/crfmv.com\/fr\/#organization\"},\"potentialAction\":[{\"@type\":\"SearchAction\",\"target\":{\"@type\":\"EntryPoint\",\"urlTemplate\":\"https:\/\/crfmv.com\/fr\/?s={search_term_string}\"},\"query-input\":{\"@type\":\"PropertyValueSpecification\",\"valueRequired\":true,\"valueName\":\"search_term_string\"}}],\"inLanguage\":\"fr-FR\"},{\"@type\":\"Organization\",\"@id\":\"https:\/\/crfmv.com\/fr\/#organization\",\"name\":\"Centre de la Famille Valcartier\",\"url\":\"https:\/\/crfmv.com\/fr\/\",\"logo\":{\"@type\":\"ImageObject\",\"inLanguage\":\"fr-FR\",\"@id\":\"https:\/\/crfmv.com\/fr\/#\/schema\/logo\/image\/\",\"url\":\"https:\/\/crfmv.com\/wp-content\/uploads\/2019\/08\/logo-CFV-2010-01.png\",\"contentUrl\":\"https:\/\/crfmv.com\/wp-content\/uploads\/2019\/08\/logo-CFV-2010-01.png\",\"width\":376,\"height\":376,\"caption\":\"Centre de la Famille Valcartier\"},\"image\":{\"@id\":\"https:\/\/crfmv.com\/fr\/#\/schema\/logo\/image\/\"},\"sameAs\":[\"https:\/\/www.facebook.com\/CFvalcartier\",\"https:\/\/www.instagram.com\/agent_info_cfv\",\"https:\/\/www.linkedin.com\/company\/centre-de-la-famille-valcartier\/\",\"https:\/\/www.pinterest.ca\/agenteliaisoncf\/pins\/\",\"https:\/\/www.youtube.com\/channel\/UCdLAsxyb6wN-q7bDaZYzuZw?view_as=subscriber\"]}]}<\/script>\n<!-- \/ Yoast SEO plugin. -->","yoast_head_json":{"title":"Rencontre personnalis\u00e9e lors d'une absence - CRFM Valcartier","robots":{"index":"index","follow":"follow","max-snippet":"max-snippet:-1","max-image-preview":"max-image-preview:large","max-video-preview":"max-video-preview:-1"},"canonical":"https:\/\/crfmv.com\/fr\/rencontre-personnalisee-lors-dune-absence\/","og_locale":"fr_FR","og_type":"article","og_title":"Rencontre personnalis\u00e9e lors d'une absence - CRFM Valcartier","og_description":"Rencontre personnalis\u00e9e lors d'une absence Un intervenant qui connait et comprend la r\u00e9alit\u00e9 des absences est disponible pour r\u00e9pondre \u00e0 vos questions et pour vous guider vers les bonnes ressources. [&hellip;]","og_url":"https:\/\/crfmv.com\/fr\/rencontre-personnalisee-lors-dune-absence\/","og_site_name":"CRFM Valcartier","article_publisher":"https:\/\/www.facebook.com\/CFvalcartier","article_modified_time":"2019-11-13T19:18:01+00:00","og_image":[{"url":"https:\/\/crfmv.com\/wp-content\/uploads\/2019\/08\/f_logo_RGB-White_58-e1565029694223.png","type":"","width":"","height":""}],"twitter_card":"summary_large_image","twitter_misc":{"Dur\u00e9e de lecture estim\u00e9e":"2 minutes"},"schema":{"@context":"https:\/\/schema.org","@graph":[{"@type":"WebPage","@id":"https:\/\/crfmv.com\/fr\/rencontre-personnalisee-lors-dune-absence\/","url":"https:\/\/crfmv.com\/fr\/rencontre-personnalisee-lors-dune-absence\/","name":"Rencontre personnalis\u00e9e lors d'une absence - CRFM Valcartier","isPartOf":{"@id":"https:\/\/crfmv.com\/fr\/#website"},"primaryImageOfPage":{"@id":"https:\/\/crfmv.com\/fr\/rencontre-personnalisee-lors-dune-absence\/#primaryimage"},"image":{"@id":"https:\/\/crfmv.com\/fr\/rencontre-personnalisee-lors-dune-absence\/#primaryimage"},"thumbnailUrl":"https:\/\/crfmv.com\/wp-content\/uploads\/2019\/08\/f_logo_RGB-White_58-e1565029694223.png","datePublished":"2019-11-08T18:29:32+00:00","dateModified":"2019-11-13T19:18:01+00:00","breadcrumb":{"@id":"https:\/\/crfmv.com\/fr\/rencontre-personnalisee-lors-dune-absence\/#breadcrumb"},"inLanguage":"fr-FR","potentialAction":[{"@type":"ReadAction","target":["https:\/\/crfmv.com\/fr\/rencontre-personnalisee-lors-dune-absence\/"]}]},{"@type":"ImageObject","inLanguage":"fr-FR","@id":"https:\/\/crfmv.com\/fr\/rencontre-personnalisee-lors-dune-absence\/#primaryimage","url":"https:\/\/crfmv.com\/wp-content\/uploads\/2019\/08\/f_logo_RGB-White_58-e1565029694223.png","contentUrl":"https:\/\/crfmv.com\/wp-content\/uploads\/2019\/08\/f_logo_RGB-White_58-e1565029694223.png"},{"@type":"BreadcrumbList","@id":"https:\/\/crfmv.com\/fr\/rencontre-personnalisee-lors-dune-absence\/#breadcrumb","itemListElement":[{"@type":"ListItem","position":1,"name":"Accueil","item":"https:\/\/crfmv.com\/fr\/"},{"@type":"ListItem","position":2,"name":"Rencontre personnalis\u00e9e lors d&rsquo;une absence"}]},{"@type":"WebSite","@id":"https:\/\/crfmv.com\/fr\/#website","url":"https:\/\/crfmv.com\/fr\/","name":"CRFM Valcartier","description":"Centre de ressources pour les familles militaires Valcartier","publisher":{"@id":"https:\/\/crfmv.com\/fr\/#organization"},"potentialAction":[{"@type":"SearchAction","target":{"@type":"EntryPoint","urlTemplate":"https:\/\/crfmv.com\/fr\/?s={search_term_string}"},"query-input":{"@type":"PropertyValueSpecification","valueRequired":true,"valueName":"search_term_string"}}],"inLanguage":"fr-FR"},{"@type":"Organization","@id":"https:\/\/crfmv.com\/fr\/#organization","name":"Centre de la Famille Valcartier","url":"https:\/\/crfmv.com\/fr\/","logo":{"@type":"ImageObject","inLanguage":"fr-FR","@id":"https:\/\/crfmv.com\/fr\/#\/schema\/logo\/image\/","url":"https:\/\/crfmv.com\/wp-content\/uploads\/2019\/08\/logo-CFV-2010-01.png","contentUrl":"https:\/\/crfmv.com\/wp-content\/uploads\/2019\/08\/logo-CFV-2010-01.png","width":376,"height":376,"caption":"Centre de la Famille Valcartier"},"image":{"@id":"https:\/\/crfmv.com\/fr\/#\/schema\/logo\/image\/"},"sameAs":["https:\/\/www.facebook.com\/CFvalcartier","https:\/\/www.instagram.com\/agent_info_cfv","https:\/\/www.linkedin.com\/company\/centre-de-la-famille-valcartier\/","https:\/\/www.pinterest.ca\/agenteliaisoncf\/pins\/","https:\/\/www.youtube.com\/channel\/UCdLAsxyb6wN-q7bDaZYzuZw?view_as=subscriber"]}]}},"ticketed":false,"_links":{"self":[{"href":"https:\/\/crfmv.com\/fr\/wp-json\/wp\/v2\/pages\/1787","targetHints":{"allow":["GET"]}}],"collection":[{"href":"https:\/\/crfmv.com\/fr\/wp-json\/wp\/v2\/pages"}],"about":[{"href":"https:\/\/crfmv.com\/fr\/wp-json\/wp\/v2\/types\/page"}],"author":[{"embeddable":true,"href":"https:\/\/crfmv.com\/fr\/wp-json\/wp\/v2\/users\/38"}],"replies":[{"embeddable":true,"href":"https:\/\/crfmv.com\/fr\/wp-json\/wp\/v2\/comments?post=1787"}],"version-history":[{"count":7,"href":"https:\/\/crfmv.com\/fr\/wp-json\/wp\/v2\/pages\/1787\/revisions"}],"predecessor-version":[{"id":1932,"href":"https:\/\/crfmv.com\/fr\/wp-json\/wp\/v2\/pages\/1787\/revisions\/1932"}],"wp:attachment":[{"href":"https:\/\/crfmv.com\/fr\/wp-json\/wp\/v2\/media?parent=1787"}],"curies":[{"name":"wp","href":"https:\/\/api.w.org\/{rel}","templated":true}]}}