{"id":577,"date":"2019-08-21T09:23:36","date_gmt":"2019-08-21T13:23:36","guid":{"rendered":"https:\/\/crfmv.com\/?page_id=577"},"modified":"2026-04-13T13:25:43","modified_gmt":"2026-04-13T17:25:43","slug":"jeunesse","status":"publish","type":"page","link":"https:\/\/crfmv.com\/fr\/jeunesse\/","title":{"rendered":"Jeunesse"},"content":{"rendered":"<p>[et_pb_section fb_built=\u00a0\u00bb1&Prime; admin_label=\u00a0\u00bbHero\u00a0\u00bb _builder_version=\u00a0\u00bb4.19.3&Prime; use_background_color_gradient=\u00a0\u00bbon\u00a0\u00bb background_color_gradient_type=\u00a0\u00bbcircular\u00a0\u00bb background_color_gradient_direction_radial=\u00a0\u00bbtop left\u00a0\u00bb background_color_gradient_stops=\u00a0\u00bb#1f1c3e 10%|rgba(33,25,21,0) 100%\u00a0\u00bb background_color_gradient_overlays_image=\u00a0\u00bbon\u00a0\u00bb background_color_gradient_start=\u00a0\u00bb#1f1c3e\u00a0\u00bb background_color_gradient_start_position=\u00a0\u00bb10%\u00a0\u00bb background_color_gradient_end=\u00a0\u00bbrgba(33,25,21,0)\u00a0\u00bb background_image=\u00a0\u00bbhttps:\/\/crfmv.com\/wp-content\/uploads\/2023\/04\/jeunesse_couverture.png\u00a0\u00bb width=\u00a0\u00bb100%\u00a0\u00bb min_height=\u00a0\u00bb428px\u00a0\u00bb custom_margin=\u00a0\u00bb||-3px|||\u00a0\u00bb custom_padding=\u00a0\u00bb40px|0|0px||false|false\u00a0\u00bb collapsed=\u00a0\u00bboff\u00a0\u00bb global_colors_info=\u00a0\u00bb{}\u00a0\u00bb][et_pb_row column_structure=\u00a0\u00bb3_5,2_5&Prime; _builder_version=\u00a0\u00bb4.16&Prime; custom_padding=\u00a0\u00bb||5px|||\u00a0\u00bb global_colors_info=\u00a0\u00bb{}\u00a0\u00bb][et_pb_column type=\u00a0\u00bb3_5&Prime; _builder_version=\u00a0\u00bb4.16&Prime; custom_padding=\u00a0\u00bb|||\u00a0\u00bb global_colors_info=\u00a0\u00bb{}\u00a0\u00bb custom_padding__hover=\u00a0\u00bb|||\u00a0\u00bb][et_pb_text _builder_version=\u00a0\u00bb4.16&Prime; text_font=\u00a0\u00bbOpen Sans||||||||\u00a0\u00bb text_text_color=\u00a0\u00bb#ffffff\u00a0\u00bb text_font_size=\u00a0\u00bb20px\u00a0\u00bb text_line_height=\u00a0\u00bb1.8em\u00a0\u00bb header_font=\u00a0\u00bb|800||on|||||\u00a0\u00bb header_text_color=\u00a0\u00bb#ffffff\u00a0\u00bb header_font_size=\u00a0\u00bb32px\u00a0\u00bb header_line_height=\u00a0\u00bb1.4em\u00a0\u00bb width=\u00a0\u00bb107.1%\u00a0\u00bb max_width=\u00a0\u00bb742px\u00a0\u00bb custom_margin=\u00a0\u00bb|-28px||||\u00a0\u00bb custom_padding=\u00a0\u00bb6px|81px||0px||\u00a0\u00bb global_colors_info=\u00a0\u00bb{}\u00a0\u00bb]<\/p>\n<h1>Jeunesse<\/h1>\n<p>L&rsquo;\u00e9quipe jeunesse permet aux jeunes de la communaut\u00e9 de profiter d&rsquo;une foule d&rsquo;activit\u00e9s et d&rsquo;avoir un milieu de rassemblement supervis\u00e9 par des intervenants jeunesse qualifi\u00e9s dans les locaux du Centre de ressources pour les familles militaires Valcartier.<\/p>\n<p>[\/et_pb_text][\/et_pb_column][et_pb_column type=\u00a0\u00bb2_5&Prime; _builder_version=\u00a0\u00bb4.16&Prime; custom_padding=\u00a0\u00bb|||\u00a0\u00bb global_colors_info=\u00a0\u00bb{}\u00a0\u00bb custom_padding__hover=\u00a0\u00bb|||\u00a0\u00bb][et_pb_button button_url=\u00a0\u00bbmailto:servicesjeunesse@crfmv.com\u00a0\u00bb url_new_window=\u00a0\u00bbon\u00a0\u00bb button_text=\u00a0\u00bbContactez les intervenants\u00a0\u00bb _builder_version=\u00a0\u00bb4.19.3&Prime; custom_button=\u00a0\u00bbon\u00a0\u00bb button_text_size=\u00a0\u00bb16px\u00a0\u00bb button_text_color=\u00a0\u00bb#ffffff\u00a0\u00bb button_bg_color=\u00a0\u00bb#1f1c3e\u00a0\u00bb button_border_radius=\u00a0\u00bb6px\u00a0\u00bb button_letter_spacing=\u00a0\u00bb0px\u00a0\u00bb button_font=\u00a0\u00bbRoboto|500|||||||\u00a0\u00bb button_use_icon=\u00a0\u00bboff\u00a0\u00bb background_layout=\u00a0\u00bbdark\u00a0\u00bb custom_margin=\u00a0\u00bb0px||\u00a0\u00bb custom_padding=\u00a0\u00bb5px|35px||35px||true\u00a0\u00bb global_colors_info=\u00a0\u00bb{}\u00a0\u00bb][\/et_pb_button][\/et_pb_column][\/et_pb_row][\/et_pb_section][et_pb_section fb_built=\u00a0\u00bb1&Prime; _builder_version=\u00a0\u00bb4.16&Prime; global_colors_info=\u00a0\u00bb{}\u00a0\u00bb][et_pb_row column_structure=\u00a0\u00bb3_5,2_5&Prime; _builder_version=\u00a0\u00bb4.16&Prime; module_alignment=\u00a0\u00bbcenter\u00a0\u00bb custom_margin=\u00a0\u00bb|256px||auto||\u00a0\u00bb custom_padding=\u00a0\u00bb||4px|||\u00a0\u00bb collapsed=\u00a0\u00bboff\u00a0\u00bb global_colors_info=\u00a0\u00bb{}\u00a0\u00bb][et_pb_column type=\u00a0\u00bb3_5&Prime; _builder_version=\u00a0\u00bb4.16&Prime; global_colors_info=\u00a0\u00bb{}\u00a0\u00bb][et_pb_text _builder_version=\u00a0\u00bb4.19.3&Prime; _module_preset=\u00a0\u00bbdefault\u00a0\u00bb global_colors_info=\u00a0\u00bb{}\u00a0\u00bb]<\/p>\n<h2>Nos intervenants jeunesse<\/h2>\n<p>[\/et_pb_text][et_pb_image src=\u00a0\u00bbhttps:\/\/crfmv.com\/wp-content\/uploads\/2025\/03\/equipe_jeunesse_2025.png\u00a0\u00bb title_text=\u00a0\u00bbequipe_jeunesse_2025&Prime; align=\u00a0\u00bbcenter\u00a0\u00bb admin_label=\u00a0\u00bbNos intervenantes jeunesse\u00a0\u00bb _builder_version=\u00a0\u00bb4.27.4&Prime; _module_preset=\u00a0\u00bbdefault\u00a0\u00bb transform_scale=\u00a0\u00bb85%|85%\u00a0\u00bb custom_margin=\u00a0\u00bb-32px|||||\u00a0\u00bb custom_padding=\u00a0\u00bb0px|183px||||\u00a0\u00bb global_colors_info=\u00a0\u00bb{}\u00a0\u00bb][\/et_pb_image][et_pb_text _builder_version=\u00a0\u00bb4.19.3&Prime; _module_preset=\u00a0\u00bbdefault\u00a0\u00bb global_colors_info=\u00a0\u00bb{}\u00a0\u00bb]<\/p>\n<h2>Club jeunesse Le Repaire<\/h2>\n<p>[\/et_pb_text][et_pb_team_member facebook_url=\u00a0\u00bbhttps:\/\/www.facebook.com\/clubjeunesse.lerepaire\u00a0\u00bb icon_color=\u00a0\u00bb#1f1c3e\u00a0\u00bb _builder_version=\u00a0\u00bb4.19.3&Prime; header_font_size=\u00a0\u00bb18px\u00a0\u00bb header_letter_spacing=\u00a0\u00bb1px\u00a0\u00bb header_line_height=\u00a0\u00bb1.2em\u00a0\u00bb custom_margin=\u00a0\u00bb-22px||||false|false\u00a0\u00bb custom_padding=\u00a0\u00bb||70px|0px|false|false\u00a0\u00bb global_colors_info=\u00a0\u00bb{}\u00a0\u00bb]<\/p>\n<p>Le club jeunesse Le Repaire 12-17 ans offre aux\u00a0jeunes un milieu d\u2019appartenance sain\u00a0favorisant leur int\u00e9gration et leur\u00a0\u00e9panouissement. Le Repaire est encadr\u00e9\u00a0par une \u00e9quipe d\u2019intervenants qualifi\u00e9s\u00a0et dynamiques pr\u00e9sents pour\u00a0accompagner, outiller et soutenir les\u00a0jeunes dans leur cheminement vers le\u00a0monde adulte. Les jeunes qui\u00a0fr\u00e9quentent le Repaire ont acc\u00e8s \u00e0\u00a0plusieurs activit\u00e9s, structur\u00e9es ou non\u00a0(table de billards, baby-foot, jeux vid\u00e9o,\u00a0jeux de soci\u00e9t\u00e9, musique, etc.).<\/p>\n<p>HORAIRE<\/p>\n<p>*Mercredi 18 h \u00e0 21 h<br \/>Jeudi 18 h 30 \u00e0 21 h 30<br \/>Vendredi 18 h 30 \u00e0 22 h 30<\/p>\n<p><span style=\"color: #993300;\">*Les 6e ann\u00e9es sont les bienvenus les\u00a0mercredis.<\/span><\/p>\n<p>Consultez l\u2019\u00e9quipe jeunesse pour\u00a0conna\u00eetre l\u2019horaire estival.<br \/><em>Possibilit\u00e9 de changement d\u2019horaire sans\u00a0pr\u00e9avis.<\/em><\/p>\n<p><a href=\"mailto:servicesjeunesse@crfmv.com\">Pour plus d&rsquo;information<\/a><\/p>\n<p>418 844-6060<\/p>\n<p>[\/et_pb_team_member][\/et_pb_column][et_pb_column type=\u00a0\u00bb2_5&Prime; _builder_version=\u00a0\u00bb4.16&Prime; global_colors_info=\u00a0\u00bb{}\u00a0\u00bb][et_pb_text _builder_version=\u00a0\u00bb4.21.0&Prime; _module_preset=\u00a0\u00bbdefault\u00a0\u00bb global_colors_info=\u00a0\u00bb{}\u00a0\u00bb]<\/p>\n<h2>Ateliers et groupes<\/h2>\n<p>[\/et_pb_text][et_pb_accordion _builder_version=\u00a0\u00bb4.21.0&Prime; _module_preset=\u00a0\u00bbdefault\u00a0\u00bb global_colors_info=\u00a0\u00bb{}\u00a0\u00bb][et_pb_accordion_item title=\u00a0\u00bbLes aventuriers| Les jeunes de 4e, 5e et 6e ann\u00e9e.\u00a0\u00bb open=\u00a0\u00bbon\u00a0\u00bb _builder_version=\u00a0\u00bb4.21.0&Prime; _module_preset=\u00a0\u00bbdefault\u00a0\u00bb global_colors_info=\u00a0\u00bb{}\u00a0\u00bb]<\/p>\n<p>Les jeunes de 4e, 5e et 6e ann\u00e9e sont invit\u00e9s \u00e0 vivre une exp\u00e9rience pr\u00e9-maison de jeunes o\u00f9 ils participeront \u00e0 des activit\u00e9s pr\u00e9ventives et \u00e9ducatives, encadr\u00e9es et anim\u00e9es par les intervenants jeunesse.<\/p>\n<p>[\/et_pb_accordion_item][et_pb_accordion_item title=\u00a0\u00bbSouper-causerie : juste pour dire | 12-17 ans\u00a0\u00bb _builder_version=\u00a0\u00bb4.19.3&Prime; _module_preset=\u00a0\u00bbdefault\u00a0\u00bb global_colors_info=\u00a0\u00bb{}\u00a0\u00bb open=\u00a0\u00bboff\u00a0\u00bb]<\/p>\n<p>Lors des rencontres, diff\u00e9rents sujets seront abord\u00e9s (relations amoureuses, alcool, drogue, sexualit\u00e9, orientation sexuelle, m\u00e9dias sociaux, etc.).<\/p>\n<p>[\/et_pb_accordion_item][et_pb_accordion_item title=\u00a0\u00bbAtelier sur la gestion du stress | 8-12 ans\u00a0\u00bb _builder_version=\u00a0\u00bb4.21.0&Prime; _module_preset=\u00a0\u00bbdefault\u00a0\u00bb global_colors_info=\u00a0\u00bb{}\u00a0\u00bb open=\u00a0\u00bboff\u00a0\u00bb]<\/p>\n<p>S\u00e9rie de 6 ateliers dont l\u2019objectif est d\u2019outiller les jeunes dans la gestion de leur stress. Les rencontres traitent principalement de sujets tels que les m\u00e9canismes physiques du stress, les strat\u00e9gies d\u2019adaptation, la pression sociale et l\u2019anxi\u00e9t\u00e9 de performance, abord\u00e9s sous forme d\u2019activit\u00e9s interactives.<\/p>\n<p><a href=\"https:\/\/crfmv.com\/wp-content\/uploads\/2024\/01\/depliant_Billy_2024_web-2.pdf\" target=\"_blank\" rel=\"noopener\">D\u00e9pliant d&rsquo;information<\/a><\/p>\n<p>[\/et_pb_accordion_item][et_pb_accordion_item title=\u00a0\u00bbAtelier sur la gestion du stress | 12-17 ans\u00a0\u00bb _builder_version=\u00a0\u00bb4.21.0&Prime; _module_preset=\u00a0\u00bbdefault\u00a0\u00bb global_colors_info=\u00a0\u00bb{}\u00a0\u00bb open=\u00a0\u00bboff\u00a0\u00bb]<\/p>\n<p>S\u00e9rie de d\u2019ateliers dont l\u2019objectif est d\u2019outiller les jeunes dans la gestion du stress. Les rencontres traitent principalement de sujets tels que les m\u00e9canismes physiques du stress, les strat\u00e9gies d\u2019adaptation, la pression sociale et l\u2019anxi\u00e9t\u00e9 de performance, abord\u00e9s sous forme d\u2019activit\u00e9s interactives.<\/p>\n<p>[\/et_pb_accordion_item][\/et_pb_accordion][et_pb_blurb title=\u00a0\u00bbValcar-co\u00a0\u00bb image=\u00a0\u00bbhttps:\/\/crfmv.com\/wp-content\/uploads\/2019\/10\/coop.png\u00a0\u00bb _builder_version=\u00a0\u00bb4.27.4&Prime; custom_padding=\u00a0\u00bb0px|||||\u00a0\u00bb hover_enabled=\u00a0\u00bb0&Prime; global_colors_info=\u00a0\u00bb{}\u00a0\u00bb sticky_enabled=\u00a0\u00bb0&Prime;]<\/p>\n<p>La coop\u00e9rative jeunesse propose aux adolescents de 12 \u00e0 17 ans une premi\u00e8re exp\u00e9rience d\u2019emploi en leur permettant d\u2019offrir diff\u00e9rents services \u00e0 la communaut\u00e9 (ex. tonte de pelouse, d\u00e9neigement, gardiennage et bien plus!).<\/p>\n<p>Faire partie de notre \u00e9quipe de coop\u00e9rant(e)s t\u2019int\u00e9resse? <span style=\"text-decoration: underline;\"><a href=\"mailto:servicesjeunesse@crfmv.com\" target=\"_blank\" rel=\"noopener\">Contacte-nous<\/a><\/span><a href=\"servicesjeunesse@crfmv.com\">!<\/a><\/p>\n<p>Besoin d\u2019un service de la coop\u00e9rative? <a class=\"ms-outlook-linkify\" href=\"mailto:servicesjeunesse@crfmv.com\">servicesjeunesse@crfmv.com<\/a>\u00a0ou 418 844-6060<\/p>\n<p>&nbsp;<\/p>\n<p>[\/et_pb_blurb][\/et_pb_column][\/et_pb_row][et_pb_row column_structure=\u00a0\u00bb1_2,1_2&Prime; _builder_version=\u00a0\u00bb4.19.3&Prime; _module_preset=\u00a0\u00bbdefault\u00a0\u00bb custom_margin=\u00a0\u00bb-66px|auto||auto||\u00a0\u00bb global_colors_info=\u00a0\u00bb{}\u00a0\u00bb][et_pb_column type=\u00a0\u00bb1_2&Prime; _builder_version=\u00a0\u00bb4.19.3&Prime; _module_preset=\u00a0\u00bbdefault\u00a0\u00bb global_colors_info=\u00a0\u00bb{}\u00a0\u00bb][et_pb_text _builder_version=\u00a0\u00bb4.19.3&Prime; _module_preset=\u00a0\u00bbdefault\u00a0\u00bb global_colors_info=\u00a0\u00bb{}\u00a0\u00bb]<\/p>\n<h2>B\u00e9n\u00e9volats ados | 12-17 ans<\/h2>\n<p>[\/et_pb_text][et_pb_blurb url=\u00a0\u00bbhttps:\/\/crfmv.com\/fr\/inscription-benevole-adolescent\/\u00a0\u00bb url_new_window=\u00a0\u00bbon\u00a0\u00bb image=\u00a0\u00bbhttps:\/\/crfmv.com\/wp-content\/uploads\/2019\/11\/inscription_bene_adulte.png\u00a0\u00bb _builder_version=\u00a0\u00bb4.19.3&Prime; global_colors_info=\u00a0\u00bb{}\u00a0\u00bb]<\/p>\n<p>Les ados peuvent \u00eatre actifs dans leur\u00a0milieu par leur implication b\u00e9n\u00e9vole lors\u00a0des diff\u00e9rentes activit\u00e9s offertes \u00e0 la\u00a0communaut\u00e9 et aupr\u00e8s de divers\u00a0comit\u00e9s. Le b\u00e9n\u00e9volat favorise\u00a0l\u2019int\u00e9gration sociale, le d\u00e9veloppement\u00a0d\u2019habilet\u00e9s et de l\u2019autonomie. Des\u00a0intervenants jeunesse qualifi\u00e9s\u00a0encadrent les jeunes lors de leur\u00a0implication. Ils peuvent, par exemple,\u00a0participer \u00e0 l\u2019organisation des discos,\u00a0participer \u00e0 l\u2019assembl\u00e9e jeunesse\u00a0d\u00e9cidant des activit\u00e9s offertes et bien\u00a0plus.<\/p>\n<p><a href=\"mailto:servicesjeunesse@crfmv.com\">Prend rendez-vous!<\/a><\/p>\n<p>418 844-6060<\/p>\n<p>&nbsp;<\/p>\n<p>[\/et_pb_blurb][\/et_pb_column][et_pb_column type=\u00a0\u00bb1_2&Prime; _builder_version=\u00a0\u00bb4.19.3&Prime; _module_preset=\u00a0\u00bbdefault\u00a0\u00bb global_colors_info=\u00a0\u00bb{}\u00a0\u00bb][et_pb_text _builder_version=\u00a0\u00bb4.19.3&Prime; _module_preset=\u00a0\u00bbdefault\u00a0\u00bb global_colors_info=\u00a0\u00bb{}\u00a0\u00bb]<\/p>\n<h2>Besoins particuliers<\/h2>\n<p>[\/et_pb_text][et_pb_blurb url_new_window=\u00a0\u00bbon\u00a0\u00bb image=\u00a0\u00bbhttps:\/\/crfmv.com\/wp-content\/uploads\/2020\/09\/ps_2-copie.jpg\u00a0\u00bb _builder_version=\u00a0\u00bb4.19.3&Prime; global_colors_info=\u00a0\u00bb{}\u00a0\u00bb]<\/p>\n<p>Vous \u00eates le parent d&rsquo;un enfant ayant des besoins particuliers? Voyez comment le CRFMV peut vous aider.<\/p>\n<p><a href=\"https:\/\/crfmv.com\/fr\/besoins-particuliers\/\">Pour plus d&rsquo;information<\/a><\/p>\n<p>[\/et_pb_blurb][et_pb_text _builder_version=\u00a0\u00bb4.19.3&Prime; _module_preset=\u00a0\u00bbdefault\u00a0\u00bb global_colors_info=\u00a0\u00bb{}\u00a0\u00bb]<\/p>\n<h2>Pr\u00e9vention et soutien<\/h2>\n<p>[\/et_pb_text][et_pb_accordion _builder_version=\u00a0\u00bb4.19.3&Prime; _module_preset=\u00a0\u00bbdefault\u00a0\u00bb global_colors_info=\u00a0\u00bb{}\u00a0\u00bb][et_pb_accordion_item title=\u00a0\u00bbTriple P\u00a0\u00bb open=\u00a0\u00bbon\u00a0\u00bb _builder_version=\u00a0\u00bb4.19.3&Prime; _module_preset=\u00a0\u00bbdefault\u00a0\u00bb global_colors_info=\u00a0\u00bb{}\u00a0\u00bb]<\/p>\n<p><span>S\u00e9rie de trois ateliers sur les pratiques\u00a0parentales positives permettant de\u00a0favoriser la saine gestion des \u00e9motions,\u00a0l\u2019estime de soi et la r\u00e9silience chez vos\u00a0enfants.<\/span><\/p>\n<ul>\n<li><a href=\"https:\/\/forms.office.com\/pages\/responsepage.aspx?id=JJvdZoAZ2katHFjCKpMhIWinVaMDv0FGujEQA8VDTnJUQTZPSVhDQVQ4MzMxVDlNNkpVVlU2SUYyNC4u\"><u>T<\/u><u>riple P<\/u><\/a><u><\/u>: Pratiques parentales positives<\/li>\n<\/ul>\n<p>[\/et_pb_accordion_item][et_pb_accordion_item title=\u00a0\u00bbService de relation d&rsquo;aide\u00a0\u00bb _builder_version=\u00a0\u00bb4.19.3&Prime; _module_preset=\u00a0\u00bbdefault\u00a0\u00bb global_colors_info=\u00a0\u00bb{}\u00a0\u00bb open=\u00a0\u00bboff\u00a0\u00bb]<\/p>\n<p><strong style=\"font-size: 16px;\">Rencontre personnalis\u00e9es<\/strong><\/p>\n<div class=\"et_pb_toggle_content clearfix\">\n<ul>\n<li>Difficult\u00e9s de comportement chez\u00a0vos enfants;<\/li>\n<li>Relations parents-enfants difficiles;<\/li>\n<li>Interrogations sur les comp\u00e9tences\u00a0parentales;<\/li>\n<li>Difficult\u00e9s conjugales;<\/li>\n<li>Difficult\u00e9s d\u2019adaptation;<\/li>\n<li>Stress et anxi\u00e9t\u00e9;<\/li>\n<li>Impacts d\u2019une blessure de stress\u00a0op\u00e9rationnel sur la famille;<\/li>\n<li>Deuil;<\/li>\n<li>Remises en question personnelles;<\/li>\n<li>Toute autre situation occasionnant\u00a0une d\u00e9tresse.<\/li>\n<\/ul>\n<p><strong>Ateliers et groupes<\/strong><\/p>\n<ul>\n<li>Groupe : E=MC3 (Ensemble pour\u00a0mieux comprendre)<em>(Familles avec enfant de 7-11 ans)<\/em><\/li>\n<li>Groupe : BSO pour les adolescents <em>(12-17 ans)<\/em><\/li>\n<li>Groupe : A.P.S.\u00a0(Amis qui partagent et s\u2019entraident)\u00a0<em>(7-11 ans)<\/em><\/li>\n<li>Atelier sur la gestion du stress : Billy <em>(8-12 ans)<\/em><\/li>\n<\/ul>\n<p><a href=\"https:\/\/crfmv.com\/fr\/intervention-psychosociale\/\">Pour plus d\u2019information<\/a><\/p>\n<\/div>\n<p>[\/et_pb_accordion_item][\/et_pb_accordion][\/et_pb_column][\/et_pb_row][\/et_pb_section][et_pb_section fb_built=\u00a0\u00bb1&Prime; _builder_version=\u00a0\u00bb4.21.0&Prime; background_color=\u00a0\u00bb#1f1c3e\u00a0\u00bb min_height=\u00a0\u00bb34px\u00a0\u00bb custom_margin=\u00a0\u00bb57px|||||\u00a0\u00bb custom_padding=\u00a0\u00bb0px||1px|||\u00a0\u00bb global_module=\u00a0\u00bb285&Prime; saved_tabs=\u00a0\u00bball\u00a0\u00bb locked=\u00a0\u00bboff\u00a0\u00bb collapsed=\u00a0\u00bboff\u00a0\u00bb global_colors_info=\u00a0\u00bb{}\u00a0\u00bb][\/et_pb_section]<\/p>\n","protected":false},"excerpt":{"rendered":"<p>Jeunesse L&rsquo;\u00e9quipe jeunesse permet aux jeunes de la communaut\u00e9 de profiter d&rsquo;une foule d&rsquo;activit\u00e9s et d&rsquo;avoir un milieu de rassemblement supervis\u00e9 par des intervenants jeunesse qualifi\u00e9s dans les locaux du [&hellip;]<\/p>\n","protected":false},"author":38,"featured_media":0,"parent":0,"menu_order":0,"comment_status":"closed","ping_status":"closed","template":"","meta":{"_et_pb_use_builder":"on","_et_pb_old_content":"","_et_gb_content_width":"","_price":"","_stock":"","_tribe_ticket_header":"","_tribe_default_ticket_provider":"","_tribe_ticket_capacity":"0","_ticket_start_date":"","_ticket_end_date":"","_tribe_ticket_show_description":"","_tribe_ticket_show_not_going":false,"_tribe_ticket_use_global_stock":"","_tribe_ticket_global_stock_level":"","_global_stock_mode":"","_global_stock_cap":"","_tribe_rsvp_for_event":"","_tribe_ticket_going_count":"","_tribe_ticket_not_going_count":"","_tribe_tickets_list":"[]","_tribe_ticket_has_attendee_info_fields":false,"footnotes":"","_tec_slr_enabled":"","_tec_slr_layout":""},"class_list":["post-577","page","type-page","status-publish","hentry"],"yoast_head":"<!-- This site is optimized with the Yoast SEO plugin v26.8 - https:\/\/yoast.com\/product\/yoast-seo-wordpress\/ -->\n<title>Jeunesse - CRFM Valcartier - Ressources pour familles de militaire<\/title>\n<meta name=\"description\" content=\"L\u2019\u00e9quipe jeunesse permet aux jeunes de la communaut\u00e9 de profiter d\u2019activit\u00e9s et d\u2019avoir un milieu de rassemblement suppervis\u00e9 par des intervenants jeunesse.\" \/>\n<meta name=\"robots\" content=\"index, follow, max-snippet:-1, max-image-preview:large, max-video-preview:-1\" \/>\n<link rel=\"canonical\" href=\"https:\/\/crfmv.com\/fr\/jeunesse\/\" \/>\n<meta property=\"og:locale\" content=\"fr_FR\" \/>\n<meta property=\"og:type\" content=\"article\" \/>\n<meta property=\"og:title\" content=\"Jeunesse - CRFM Valcartier - Ressources pour familles de militaire\" \/>\n<meta property=\"og:description\" content=\"L\u2019\u00e9quipe jeunesse permet aux jeunes de la communaut\u00e9 de profiter d\u2019activit\u00e9s et d\u2019avoir un milieu de rassemblement suppervis\u00e9 par des intervenants jeunesse.\" \/>\n<meta property=\"og:url\" content=\"https:\/\/crfmv.com\/fr\/jeunesse\/\" \/>\n<meta property=\"og:site_name\" content=\"CRFM Valcartier\" \/>\n<meta property=\"article:publisher\" content=\"https:\/\/www.facebook.com\/CFvalcartier\" \/>\n<meta property=\"article:modified_time\" content=\"2026-04-13T17:25:43+00:00\" \/>\n<meta name=\"twitter:card\" content=\"summary_large_image\" \/>\n<meta name=\"twitter:label1\" content=\"Dur\u00e9e de lecture estim\u00e9e\" \/>\n\t<meta name=\"twitter:data1\" content=\"4 minutes\" \/>\n<script type=\"application\/ld+json\" class=\"yoast-schema-graph\">{\"@context\":\"https:\/\/schema.org\",\"@graph\":[{\"@type\":\"WebPage\",\"@id\":\"https:\/\/crfmv.com\/fr\/jeunesse\/\",\"url\":\"https:\/\/crfmv.com\/fr\/jeunesse\/\",\"name\":\"Jeunesse - CRFM Valcartier - Ressources pour familles de militaire\",\"isPartOf\":{\"@id\":\"https:\/\/crfmv.com\/fr\/#website\"},\"datePublished\":\"2019-08-21T13:23:36+00:00\",\"dateModified\":\"2026-04-13T17:25:43+00:00\",\"description\":\"L\u2019\u00e9quipe jeunesse permet aux jeunes de la communaut\u00e9 de profiter d\u2019activit\u00e9s et d\u2019avoir un milieu de rassemblement suppervis\u00e9 par des intervenants jeunesse.\",\"breadcrumb\":{\"@id\":\"https:\/\/crfmv.com\/fr\/jeunesse\/#breadcrumb\"},\"inLanguage\":\"fr-FR\",\"potentialAction\":[{\"@type\":\"ReadAction\",\"target\":[\"https:\/\/crfmv.com\/fr\/jeunesse\/\"]}]},{\"@type\":\"BreadcrumbList\",\"@id\":\"https:\/\/crfmv.com\/fr\/jeunesse\/#breadcrumb\",\"itemListElement\":[{\"@type\":\"ListItem\",\"position\":1,\"name\":\"Accueil\",\"item\":\"https:\/\/crfmv.com\/fr\/\"},{\"@type\":\"ListItem\",\"position\":2,\"name\":\"Jeunesse\"}]},{\"@type\":\"WebSite\",\"@id\":\"https:\/\/crfmv.com\/fr\/#website\",\"url\":\"https:\/\/crfmv.com\/fr\/\",\"name\":\"CRFM Valcartier\",\"description\":\"Centre de ressources pour les familles militaires Valcartier\",\"publisher\":{\"@id\":\"https:\/\/crfmv.com\/fr\/#organization\"},\"potentialAction\":[{\"@type\":\"SearchAction\",\"target\":{\"@type\":\"EntryPoint\",\"urlTemplate\":\"https:\/\/crfmv.com\/fr\/?s={search_term_string}\"},\"query-input\":{\"@type\":\"PropertyValueSpecification\",\"valueRequired\":true,\"valueName\":\"search_term_string\"}}],\"inLanguage\":\"fr-FR\"},{\"@type\":\"Organization\",\"@id\":\"https:\/\/crfmv.com\/fr\/#organization\",\"name\":\"Centre de la Famille Valcartier\",\"url\":\"https:\/\/crfmv.com\/fr\/\",\"logo\":{\"@type\":\"ImageObject\",\"inLanguage\":\"fr-FR\",\"@id\":\"https:\/\/crfmv.com\/fr\/#\/schema\/logo\/image\/\",\"url\":\"https:\/\/crfmv.com\/wp-content\/uploads\/2019\/08\/logo-CFV-2010-01.png\",\"contentUrl\":\"https:\/\/crfmv.com\/wp-content\/uploads\/2019\/08\/logo-CFV-2010-01.png\",\"width\":376,\"height\":376,\"caption\":\"Centre de la Famille Valcartier\"},\"image\":{\"@id\":\"https:\/\/crfmv.com\/fr\/#\/schema\/logo\/image\/\"},\"sameAs\":[\"https:\/\/www.facebook.com\/CFvalcartier\",\"https:\/\/www.instagram.com\/agent_info_cfv\",\"https:\/\/www.linkedin.com\/company\/centre-de-la-famille-valcartier\/\",\"https:\/\/www.pinterest.ca\/agenteliaisoncf\/pins\/\",\"https:\/\/www.youtube.com\/channel\/UCdLAsxyb6wN-q7bDaZYzuZw?view_as=subscriber\"]}]}<\/script>\n<!-- \/ Yoast SEO plugin. -->","yoast_head_json":{"title":"Jeunesse - CRFM Valcartier - Ressources pour familles de militaire","description":"L\u2019\u00e9quipe jeunesse permet aux jeunes de la communaut\u00e9 de profiter d\u2019activit\u00e9s et d\u2019avoir un milieu de rassemblement suppervis\u00e9 par des intervenants jeunesse.","robots":{"index":"index","follow":"follow","max-snippet":"max-snippet:-1","max-image-preview":"max-image-preview:large","max-video-preview":"max-video-preview:-1"},"canonical":"https:\/\/crfmv.com\/fr\/jeunesse\/","og_locale":"fr_FR","og_type":"article","og_title":"Jeunesse - CRFM Valcartier - Ressources pour familles de militaire","og_description":"L\u2019\u00e9quipe jeunesse permet aux jeunes de la communaut\u00e9 de profiter d\u2019activit\u00e9s et d\u2019avoir un milieu de rassemblement suppervis\u00e9 par des intervenants jeunesse.","og_url":"https:\/\/crfmv.com\/fr\/jeunesse\/","og_site_name":"CRFM Valcartier","article_publisher":"https:\/\/www.facebook.com\/CFvalcartier","article_modified_time":"2026-04-13T17:25:43+00:00","twitter_card":"summary_large_image","twitter_misc":{"Dur\u00e9e de lecture estim\u00e9e":"4 minutes"},"schema":{"@context":"https:\/\/schema.org","@graph":[{"@type":"WebPage","@id":"https:\/\/crfmv.com\/fr\/jeunesse\/","url":"https:\/\/crfmv.com\/fr\/jeunesse\/","name":"Jeunesse - CRFM Valcartier - Ressources pour familles de militaire","isPartOf":{"@id":"https:\/\/crfmv.com\/fr\/#website"},"datePublished":"2019-08-21T13:23:36+00:00","dateModified":"2026-04-13T17:25:43+00:00","description":"L\u2019\u00e9quipe jeunesse permet aux jeunes de la communaut\u00e9 de profiter d\u2019activit\u00e9s et d\u2019avoir un milieu de rassemblement suppervis\u00e9 par des intervenants jeunesse.","breadcrumb":{"@id":"https:\/\/crfmv.com\/fr\/jeunesse\/#breadcrumb"},"inLanguage":"fr-FR","potentialAction":[{"@type":"ReadAction","target":["https:\/\/crfmv.com\/fr\/jeunesse\/"]}]},{"@type":"BreadcrumbList","@id":"https:\/\/crfmv.com\/fr\/jeunesse\/#breadcrumb","itemListElement":[{"@type":"ListItem","position":1,"name":"Accueil","item":"https:\/\/crfmv.com\/fr\/"},{"@type":"ListItem","position":2,"name":"Jeunesse"}]},{"@type":"WebSite","@id":"https:\/\/crfmv.com\/fr\/#website","url":"https:\/\/crfmv.com\/fr\/","name":"CRFM Valcartier","description":"Centre de ressources pour les familles militaires Valcartier","publisher":{"@id":"https:\/\/crfmv.com\/fr\/#organization"},"potentialAction":[{"@type":"SearchAction","target":{"@type":"EntryPoint","urlTemplate":"https:\/\/crfmv.com\/fr\/?s={search_term_string}"},"query-input":{"@type":"PropertyValueSpecification","valueRequired":true,"valueName":"search_term_string"}}],"inLanguage":"fr-FR"},{"@type":"Organization","@id":"https:\/\/crfmv.com\/fr\/#organization","name":"Centre de la Famille Valcartier","url":"https:\/\/crfmv.com\/fr\/","logo":{"@type":"ImageObject","inLanguage":"fr-FR","@id":"https:\/\/crfmv.com\/fr\/#\/schema\/logo\/image\/","url":"https:\/\/crfmv.com\/wp-content\/uploads\/2019\/08\/logo-CFV-2010-01.png","contentUrl":"https:\/\/crfmv.com\/wp-content\/uploads\/2019\/08\/logo-CFV-2010-01.png","width":376,"height":376,"caption":"Centre de la Famille Valcartier"},"image":{"@id":"https:\/\/crfmv.com\/fr\/#\/schema\/logo\/image\/"},"sameAs":["https:\/\/www.facebook.com\/CFvalcartier","https:\/\/www.instagram.com\/agent_info_cfv","https:\/\/www.linkedin.com\/company\/centre-de-la-famille-valcartier\/","https:\/\/www.pinterest.ca\/agenteliaisoncf\/pins\/","https:\/\/www.youtube.com\/channel\/UCdLAsxyb6wN-q7bDaZYzuZw?view_as=subscriber"]}]}},"ticketed":false,"_links":{"self":[{"href":"https:\/\/crfmv.com\/fr\/wp-json\/wp\/v2\/pages\/577","targetHints":{"allow":["GET"]}}],"collection":[{"href":"https:\/\/crfmv.com\/fr\/wp-json\/wp\/v2\/pages"}],"about":[{"href":"https:\/\/crfmv.com\/fr\/wp-json\/wp\/v2\/types\/page"}],"author":[{"embeddable":true,"href":"https:\/\/crfmv.com\/fr\/wp-json\/wp\/v2\/users\/38"}],"replies":[{"embeddable":true,"href":"https:\/\/crfmv.com\/fr\/wp-json\/wp\/v2\/comments?post=577"}],"version-history":[{"count":113,"href":"https:\/\/crfmv.com\/fr\/wp-json\/wp\/v2\/pages\/577\/revisions"}],"predecessor-version":[{"id":14863,"href":"https:\/\/crfmv.com\/fr\/wp-json\/wp\/v2\/pages\/577\/revisions\/14863"}],"wp:attachment":[{"href":"https:\/\/crfmv.com\/fr\/wp-json\/wp\/v2\/media?parent=577"}],"curies":[{"name":"wp","href":"https:\/\/api.w.org\/{rel}","templated":true}]}}