{"id":7148,"date":"2021-12-20T09:52:31","date_gmt":"2021-12-20T14:52:31","guid":{"rendered":"https:\/\/crfmv.com\/?page_id=7148"},"modified":"2022-09-20T15:41:45","modified_gmt":"2022-09-20T19:41:45","slug":"pfv","status":"publish","type":"page","link":"https:\/\/crfmv.com\/fr\/pfv\/","title":{"rendered":"Programme pour les familles des v\u00e9t\u00e9rans"},"content":{"rendered":"<p>[et_pb_section fb_built=\u00a0\u00bb1&Prime; _builder_version=\u00a0\u00bb4.16&Prime; custom_margin=\u00a0\u00bb||-80px|||\u00a0\u00bb global_colors_info=\u00a0\u00bb{}\u00a0\u00bb][et_pb_row _builder_version=\u00a0\u00bb4.16&Prime; global_colors_info=\u00a0\u00bb{}\u00a0\u00bb][et_pb_column type=\u00a0\u00bb4_4&Prime; _builder_version=\u00a0\u00bb4.16&Prime; global_colors_info=\u00a0\u00bb{}\u00a0\u00bb][et_pb_image src=\u00a0\u00bbhttps:\/\/crfmv.com\/wp-content\/uploads\/2021\/12\/VFP-LOGO-H-COL-01.jpg\u00a0\u00bb title_text=\u00a0\u00bbVFP-LOGO-H-COL-01&Prime; _builder_version=\u00a0\u00bb4.16&Prime; _module_preset=\u00a0\u00bbdefault\u00a0\u00bb custom_padding=\u00a0\u00bb|0px|0px|||\u00a0\u00bb global_colors_info=\u00a0\u00bb{}\u00a0\u00bb][\/et_pb_image][et_pb_text _builder_version=\u00a0\u00bb4.16&Prime; _module_preset=\u00a0\u00bbdefault\u00a0\u00bb global_colors_info=\u00a0\u00bb{}\u00a0\u00bb]<\/p>\n<h1 style=\"text-align: center;\"><strong>Choisissez le CRFM le plus pr\u00e8s de chez vous.<\/strong><\/h1>\n<h1 style=\"text-align: center;\"><strong>Choose the MFRC closest to you.<\/strong><\/h1>\n<p>[\/et_pb_text][\/et_pb_column][\/et_pb_row][\/et_pb_section][et_pb_section fb_built=\u00a0\u00bb1&Prime; _builder_version=\u00a0\u00bb4.16&Prime; _module_preset=\u00a0\u00bbdefault\u00a0\u00bb global_colors_info=\u00a0\u00bb{}\u00a0\u00bb][et_pb_row column_structure=\u00a0\u00bb1_3,1_3,1_3&Prime; _builder_version=\u00a0\u00bb4.16&Prime; _module_preset=\u00a0\u00bbdefault\u00a0\u00bb global_colors_info=\u00a0\u00bb{}\u00a0\u00bb][et_pb_column type=\u00a0\u00bb1_3&Prime; _builder_version=\u00a0\u00bb4.16&Prime; _module_preset=\u00a0\u00bbdefault\u00a0\u00bb global_colors_info=\u00a0\u00bb{}\u00a0\u00bb][et_pb_text _builder_version=\u00a0\u00bb4.16&Prime; _module_preset=\u00a0\u00bbdefault\u00a0\u00bb link_option_url=\u00a0\u00bbhttps:\/\/www.connexionfac.ca\/Region-Montreal\/Adulte\/Veterans\u00a0\u00bb link_option_url_new_window=\u00a0\u00bbon\u00a0\u00bb global_colors_info=\u00a0\u00bb{}\u00a0\u00bb]<\/p>\n<h3>\u00a0<\/h3>\n<h3><img loading=\"lazy\" decoding=\"async\" class=\"wp-image-7152 alignnone  aligncenter\" src=\"https:\/\/crfmv.com\/wp-content\/uploads\/2021\/12\/CRFM-LogoBilingue-Acronyme-COULEUR-HI-300x76.png\" alt=\"\" width=\"293\" height=\"70\" \/><\/h3>\n<h3>\u00a0<\/h3>\n<p>&nbsp;<\/p>\n<h3 style=\"text-align: center;\">CRFM R\u00e9gion de Montr\u00e9al MFRC<\/h3>\n<div class=\"SALvLe\" style=\"text-align: center;\">\n<div class=\"i4J0ge\">\n<div class=\"EfDVh wDYxhc\" lang=\"fr-CA\" data-attrid=\"kc:\/location\/location:address\" data-md=\"1002\" data-hveid=\"CAoQAA\" data-ved=\"2ahUKEwjLwqSkyPL0AhVlgnIEHd8pCj8QkCl6BAgKEAA\">\n<div class=\"Z1hOCe\">\n<div class=\"zloOqf PZPZlf\" data-dtype=\"d3ifr\" data-local-attribute=\"d3adr\" data-ved=\"2ahUKEwjLwqSkyPL0AhVlgnIEHd8pCj8QghwoAHoECAoQAQ\"><span class=\"LrzXr\">6550 Hochelaga, b\u00e2tisse 214<\/span><\/div>\n<div class=\"zloOqf PZPZlf\" data-dtype=\"d3ifr\" data-local-attribute=\"d3adr\" data-ved=\"2ahUKEwjLwqSkyPL0AhVlgnIEHd8pCj8QghwoAHoECAoQAQ\"><span class=\"LrzXr\">Montreal (Quebec)\u00a0 H1N 1X9<\/span><\/div>\n<\/div>\n<\/div>\n<\/div>\n<\/div>\n<div class=\"wDYxhc\" lang=\"fr-CA\" data-attrid=\"kc:\/location\/location:hours\" data-md=\"1005\" data-hveid=\"CAwQAA\" data-ved=\"2ahUKEwjLwqSkyPL0AhVlgnIEHd8pCj8QkCl6BAgMEAA\">\n<div class=\"zloOqf PZPZlf\">\n<div class=\"bJpcZ\">\n<div class=\"vk_bk h-n\" style=\"text-align: center;\" tabindex=\"0\" role=\"button\" aria-expanded=\"false\" data-ved=\"2ahUKEwjLwqSkyPL0AhVlgnIEHd8pCj8QoT56BAgMEAM\">514 252-2777<\/div>\n<\/div>\n<\/div>\n<\/div>\n<p>[\/et_pb_text][\/et_pb_column][et_pb_column type=\u00a0\u00bb1_3&Prime; _builder_version=\u00a0\u00bb4.16&Prime; _module_preset=\u00a0\u00bbdefault\u00a0\u00bb global_colors_info=\u00a0\u00bb{}\u00a0\u00bb][et_pb_text _builder_version=\u00a0\u00bb4.16&Prime; _module_preset=\u00a0\u00bbdefault\u00a0\u00bb link_option_url=\u00a0\u00bbhttps:\/\/crfmv.com\/fr\/veteran\/\u00a0\u00bb link_option_url_new_window=\u00a0\u00bbon\u00a0\u00bb global_colors_info=\u00a0\u00bb{}\u00a0\u00bb]<\/p>\n<h3><img loading=\"lazy\" decoding=\"async\" class=\"wp-image-6608 alignnone  aligncenter\" src=\"https:\/\/crfmv.com\/wp-content\/uploads\/2021\/08\/Logo-web-1.svg\" alt=\"\" width=\"149\" height=\"124\" \/><\/h3>\n<h3>\u00a0<\/h3>\n<h3 style=\"text-align: center;\">CRFM Valcartier MFRC<\/h3>\n<p style=\"text-align: center;\">\u00c9difice 93<br \/>C.P. 1000, Succursale Forces<br \/>Courcelette (Qu\u00e9bec)\u00a0 G0A 4Z0<br \/>418 844-6060<\/p>\n<p>[\/et_pb_text][\/et_pb_column][et_pb_column type=\u00a0\u00bb1_3&Prime; _builder_version=\u00a0\u00bb4.16&Prime; _module_preset=\u00a0\u00bbdefault\u00a0\u00bb global_colors_info=\u00a0\u00bb{}\u00a0\u00bb][et_pb_text _builder_version=\u00a0\u00bb4.16&Prime; _module_preset=\u00a0\u00bbdefault\u00a0\u00bb link_option_url=\u00a0\u00bbhttps:\/\/www.connexionfac.ca\/Bagotville\/PFV\u00a0\u00bb link_option_url_new_window=\u00a0\u00bbon\u00a0\u00bb global_colors_info=\u00a0\u00bb{}\u00a0\u00bb]<\/p>\n<h3>\u00a0<\/h3>\n<h3 style=\"text-align: center;\"><img loading=\"lazy\" decoding=\"async\" class=\"wp-image-7154 alignnone \" src=\"https:\/\/crfmv.com\/wp-content\/uploads\/2021\/12\/Final_Format-carre\u0301_Logo_-Bagotville-300x185.png\" alt=\"\" width=\"192\" height=\"105\" \/><\/h3>\n<h3 style=\"text-align: center;\">CRFM Bagotville MFRC<\/h3>\n<div class=\"SALvLe\">\n<div class=\"i4J0ge\">\n<div class=\"EfDVh wDYxhc\" lang=\"fr-CA\" data-attrid=\"kc:\/location\/location:address\" data-md=\"1002\" data-hveid=\"CAwQAA\" data-ved=\"2ahUKEwiG6vz1yfL0AhVQpXIEHXLUCakQkCl6BAgMEAA\">\n<div class=\"Z1hOCe\">\n<div class=\"zloOqf PZPZlf\" style=\"text-align: center;\" data-dtype=\"d3ifr\" data-local-attribute=\"d3adr\" data-ved=\"2ahUKEwiG6vz1yfL0AhVQpXIEHXLUCakQghwoAHoECAwQAQ\"><span class=\"LrzXr\">1775, Rue Lucien Lecompte<\/span><\/div>\n<div class=\"zloOqf PZPZlf\" style=\"text-align: center;\" data-dtype=\"d3ifr\" data-local-attribute=\"d3adr\" data-ved=\"2ahUKEwiG6vz1yfL0AhVQpXIEHXLUCakQghwoAHoECAwQAQ\"><span class=\"LrzXr\">Alouette (Qu\u00e9bec)\u00a0 G0V 1A0<\/span><\/div>\n<\/div>\n<\/div>\n<\/div>\n<\/div>\n<div class=\"wDYxhc\" lang=\"fr-CA\" data-attrid=\"kc:\/location\/location:hours\" data-md=\"1005\" data-hveid=\"CA8QAA\" data-ved=\"2ahUKEwiG6vz1yfL0AhVQpXIEHXLUCakQkCl6BAgPEAA\">\n<div class=\"zloOqf PZPZlf\">\n<div class=\"bJpcZ\">\n<div class=\"vk_bk h-n\" style=\"text-align: center;\" tabindex=\"0\" role=\"button\" aria-expanded=\"false\" data-ved=\"2ahUKEwiG6vz1yfL0AhVQpXIEHXLUCakQoT56BAgPEAM\">418 677-7468<\/div>\n<\/div>\n<\/div>\n<\/div>\n<p>[\/et_pb_text][\/et_pb_column][\/et_pb_row][\/et_pb_section][et_pb_section fb_built=\u00a0\u00bb1&Prime; _builder_version=\u00a0\u00bb4.16&Prime; _module_preset=\u00a0\u00bbdefault\u00a0\u00bb custom_margin=\u00a0\u00bb-70px||-58px|||\u00a0\u00bb global_colors_info=\u00a0\u00bb{}\u00a0\u00bb][et_pb_row _builder_version=\u00a0\u00bb4.16&Prime; _module_preset=\u00a0\u00bbdefault\u00a0\u00bb global_colors_info=\u00a0\u00bb{}\u00a0\u00bb][et_pb_column type=\u00a0\u00bb4_4&Prime; _builder_version=\u00a0\u00bb4.16&Prime; _module_preset=\u00a0\u00bbdefault\u00a0\u00bb global_colors_info=\u00a0\u00bb{}\u00a0\u00bb][et_pb_image src=\u00a0\u00bbhttps:\/\/crfmv.com\/wp-content\/uploads\/2022\/01\/FIL_bil_colour-1.jpg\u00a0\u00bb title_text=\u00a0\u00bbFIL_bil_colour\u00a0\u00bb align=\u00a0\u00bbcenter\u00a0\u00bb _builder_version=\u00a0\u00bb4.16&Prime; _module_preset=\u00a0\u00bbdefault\u00a0\u00bb global_colors_info=\u00a0\u00bb{}\u00a0\u00bb][\/et_pb_image][\/et_pb_column][\/et_pb_row][\/et_pb_section]<\/p>\n","protected":false},"excerpt":{"rendered":"<p>Choisissez le CRFM le plus pr\u00e8s de chez vous. Choose the MFRC closest to you.\u00a0 \u00a0 &nbsp; CRFM R\u00e9gion de Montr\u00e9al MFRC 6550 Hochelaga, b\u00e2tisse 214 Montreal (Quebec)\u00a0 H1N 1X9 [&hellip;]<\/p>\n","protected":false},"author":37,"featured_media":0,"parent":0,"menu_order":0,"comment_status":"closed","ping_status":"closed","template":"","meta":{"_et_pb_use_builder":"on","_et_pb_old_content":"","_et_gb_content_width":"","_price":"","_stock":"","_tribe_ticket_header":"","_tribe_default_ticket_provider":"","_tribe_ticket_capacity":"0","_ticket_start_date":"","_ticket_end_date":"","_tribe_ticket_show_description":"","_tribe_ticket_show_not_going":false,"_tribe_ticket_use_global_stock":"","_tribe_ticket_global_stock_level":"","_global_stock_mode":"","_global_stock_cap":"","_tribe_rsvp_for_event":"","_tribe_ticket_going_count":"","_tribe_ticket_not_going_count":"","_tribe_tickets_list":"[]","_tribe_ticket_has_attendee_info_fields":false,"footnotes":"","_tec_slr_enabled":"","_tec_slr_layout":""},"class_list":["post-7148","page","type-page","status-publish","hentry"],"yoast_head":"<!-- This site is optimized with the Yoast SEO plugin v26.8 - https:\/\/yoast.com\/product\/yoast-seo-wordpress\/ -->\n<title>Programme pour les familles des v\u00e9t\u00e9rans - CRFM Valcartier<\/title>\n<meta name=\"robots\" content=\"index, follow, max-snippet:-1, max-image-preview:large, max-video-preview:-1\" \/>\n<link rel=\"canonical\" href=\"https:\/\/crfmv.com\/fr\/pfv\/\" \/>\n<meta property=\"og:locale\" content=\"fr_FR\" \/>\n<meta property=\"og:type\" content=\"article\" \/>\n<meta property=\"og:title\" content=\"Programme pour les familles des v\u00e9t\u00e9rans - CRFM Valcartier\" \/>\n<meta property=\"og:description\" content=\"Choisissez le CRFM le plus pr\u00e8s de chez vous. Choose the MFRC closest to you.\u00a0 \u00a0 &nbsp; CRFM R\u00e9gion de Montr\u00e9al MFRC 6550 Hochelaga, b\u00e2tisse 214 Montreal (Quebec)\u00a0 H1N 1X9 [&hellip;]\" \/>\n<meta property=\"og:url\" content=\"https:\/\/crfmv.com\/fr\/pfv\/\" \/>\n<meta property=\"og:site_name\" content=\"CRFM Valcartier\" \/>\n<meta property=\"article:publisher\" content=\"https:\/\/www.facebook.com\/CFvalcartier\" \/>\n<meta property=\"article:modified_time\" content=\"2022-09-20T19:41:45+00:00\" \/>\n<meta property=\"og:image\" content=\"https:\/\/crfmv.com\/wp-content\/uploads\/2021\/12\/CRFM-LogoBilingue-Acronyme-COULEUR-HI-300x76.png\" \/>\n<meta name=\"twitter:card\" content=\"summary_large_image\" \/>\n<meta name=\"twitter:label1\" content=\"Dur\u00e9e de lecture estim\u00e9e\" \/>\n\t<meta name=\"twitter:data1\" content=\"2 minutes\" \/>\n<script type=\"application\/ld+json\" class=\"yoast-schema-graph\">{\"@context\":\"https:\/\/schema.org\",\"@graph\":[{\"@type\":\"WebPage\",\"@id\":\"https:\/\/crfmv.com\/fr\/pfv\/\",\"url\":\"https:\/\/crfmv.com\/fr\/pfv\/\",\"name\":\"Programme pour les familles des v\u00e9t\u00e9rans - CRFM Valcartier\",\"isPartOf\":{\"@id\":\"https:\/\/crfmv.com\/fr\/#website\"},\"primaryImageOfPage\":{\"@id\":\"https:\/\/crfmv.com\/fr\/pfv\/#primaryimage\"},\"image\":{\"@id\":\"https:\/\/crfmv.com\/fr\/pfv\/#primaryimage\"},\"thumbnailUrl\":\"https:\/\/crfmv.com\/wp-content\/uploads\/2021\/12\/CRFM-LogoBilingue-Acronyme-COULEUR-HI-300x76.png\",\"datePublished\":\"2021-12-20T14:52:31+00:00\",\"dateModified\":\"2022-09-20T19:41:45+00:00\",\"breadcrumb\":{\"@id\":\"https:\/\/crfmv.com\/fr\/pfv\/#breadcrumb\"},\"inLanguage\":\"fr-FR\",\"potentialAction\":[{\"@type\":\"ReadAction\",\"target\":[\"https:\/\/crfmv.com\/fr\/pfv\/\"]}]},{\"@type\":\"ImageObject\",\"inLanguage\":\"fr-FR\",\"@id\":\"https:\/\/crfmv.com\/fr\/pfv\/#primaryimage\",\"url\":\"https:\/\/crfmv.com\/wp-content\/uploads\/2021\/12\/CRFM-LogoBilingue-Acronyme-COULEUR-HI-300x76.png\",\"contentUrl\":\"https:\/\/crfmv.com\/wp-content\/uploads\/2021\/12\/CRFM-LogoBilingue-Acronyme-COULEUR-HI-300x76.png\"},{\"@type\":\"BreadcrumbList\",\"@id\":\"https:\/\/crfmv.com\/fr\/pfv\/#breadcrumb\",\"itemListElement\":[{\"@type\":\"ListItem\",\"position\":1,\"name\":\"Accueil\",\"item\":\"https:\/\/crfmv.com\/fr\/\"},{\"@type\":\"ListItem\",\"position\":2,\"name\":\"Programme pour les familles des v\u00e9t\u00e9rans\"}]},{\"@type\":\"WebSite\",\"@id\":\"https:\/\/crfmv.com\/fr\/#website\",\"url\":\"https:\/\/crfmv.com\/fr\/\",\"name\":\"CRFM Valcartier\",\"description\":\"Centre de ressources pour les familles militaires Valcartier\",\"publisher\":{\"@id\":\"https:\/\/crfmv.com\/fr\/#organization\"},\"potentialAction\":[{\"@type\":\"SearchAction\",\"target\":{\"@type\":\"EntryPoint\",\"urlTemplate\":\"https:\/\/crfmv.com\/fr\/?s={search_term_string}\"},\"query-input\":{\"@type\":\"PropertyValueSpecification\",\"valueRequired\":true,\"valueName\":\"search_term_string\"}}],\"inLanguage\":\"fr-FR\"},{\"@type\":\"Organization\",\"@id\":\"https:\/\/crfmv.com\/fr\/#organization\",\"name\":\"Centre de la Famille Valcartier\",\"url\":\"https:\/\/crfmv.com\/fr\/\",\"logo\":{\"@type\":\"ImageObject\",\"inLanguage\":\"fr-FR\",\"@id\":\"https:\/\/crfmv.com\/fr\/#\/schema\/logo\/image\/\",\"url\":\"https:\/\/crfmv.com\/wp-content\/uploads\/2019\/08\/logo-CFV-2010-01.png\",\"contentUrl\":\"https:\/\/crfmv.com\/wp-content\/uploads\/2019\/08\/logo-CFV-2010-01.png\",\"width\":376,\"height\":376,\"caption\":\"Centre de la Famille Valcartier\"},\"image\":{\"@id\":\"https:\/\/crfmv.com\/fr\/#\/schema\/logo\/image\/\"},\"sameAs\":[\"https:\/\/www.facebook.com\/CFvalcartier\",\"https:\/\/www.instagram.com\/agent_info_cfv\",\"https:\/\/www.linkedin.com\/company\/centre-de-la-famille-valcartier\/\",\"https:\/\/www.pinterest.ca\/agenteliaisoncf\/pins\/\",\"https:\/\/www.youtube.com\/channel\/UCdLAsxyb6wN-q7bDaZYzuZw?view_as=subscriber\"]}]}<\/script>\n<!-- \/ Yoast SEO plugin. -->","yoast_head_json":{"title":"Programme pour les familles des v\u00e9t\u00e9rans - CRFM Valcartier","robots":{"index":"index","follow":"follow","max-snippet":"max-snippet:-1","max-image-preview":"max-image-preview:large","max-video-preview":"max-video-preview:-1"},"canonical":"https:\/\/crfmv.com\/fr\/pfv\/","og_locale":"fr_FR","og_type":"article","og_title":"Programme pour les familles des v\u00e9t\u00e9rans - CRFM Valcartier","og_description":"Choisissez le CRFM le plus pr\u00e8s de chez vous. Choose the MFRC closest to you.\u00a0 \u00a0 &nbsp; CRFM R\u00e9gion de Montr\u00e9al MFRC 6550 Hochelaga, b\u00e2tisse 214 Montreal (Quebec)\u00a0 H1N 1X9 [&hellip;]","og_url":"https:\/\/crfmv.com\/fr\/pfv\/","og_site_name":"CRFM Valcartier","article_publisher":"https:\/\/www.facebook.com\/CFvalcartier","article_modified_time":"2022-09-20T19:41:45+00:00","og_image":[{"url":"https:\/\/crfmv.com\/wp-content\/uploads\/2021\/12\/CRFM-LogoBilingue-Acronyme-COULEUR-HI-300x76.png","type":"","width":"","height":""}],"twitter_card":"summary_large_image","twitter_misc":{"Dur\u00e9e de lecture estim\u00e9e":"2 minutes"},"schema":{"@context":"https:\/\/schema.org","@graph":[{"@type":"WebPage","@id":"https:\/\/crfmv.com\/fr\/pfv\/","url":"https:\/\/crfmv.com\/fr\/pfv\/","name":"Programme pour les familles des v\u00e9t\u00e9rans - CRFM Valcartier","isPartOf":{"@id":"https:\/\/crfmv.com\/fr\/#website"},"primaryImageOfPage":{"@id":"https:\/\/crfmv.com\/fr\/pfv\/#primaryimage"},"image":{"@id":"https:\/\/crfmv.com\/fr\/pfv\/#primaryimage"},"thumbnailUrl":"https:\/\/crfmv.com\/wp-content\/uploads\/2021\/12\/CRFM-LogoBilingue-Acronyme-COULEUR-HI-300x76.png","datePublished":"2021-12-20T14:52:31+00:00","dateModified":"2022-09-20T19:41:45+00:00","breadcrumb":{"@id":"https:\/\/crfmv.com\/fr\/pfv\/#breadcrumb"},"inLanguage":"fr-FR","potentialAction":[{"@type":"ReadAction","target":["https:\/\/crfmv.com\/fr\/pfv\/"]}]},{"@type":"ImageObject","inLanguage":"fr-FR","@id":"https:\/\/crfmv.com\/fr\/pfv\/#primaryimage","url":"https:\/\/crfmv.com\/wp-content\/uploads\/2021\/12\/CRFM-LogoBilingue-Acronyme-COULEUR-HI-300x76.png","contentUrl":"https:\/\/crfmv.com\/wp-content\/uploads\/2021\/12\/CRFM-LogoBilingue-Acronyme-COULEUR-HI-300x76.png"},{"@type":"BreadcrumbList","@id":"https:\/\/crfmv.com\/fr\/pfv\/#breadcrumb","itemListElement":[{"@type":"ListItem","position":1,"name":"Accueil","item":"https:\/\/crfmv.com\/fr\/"},{"@type":"ListItem","position":2,"name":"Programme pour les familles des v\u00e9t\u00e9rans"}]},{"@type":"WebSite","@id":"https:\/\/crfmv.com\/fr\/#website","url":"https:\/\/crfmv.com\/fr\/","name":"CRFM Valcartier","description":"Centre de ressources pour les familles militaires Valcartier","publisher":{"@id":"https:\/\/crfmv.com\/fr\/#organization"},"potentialAction":[{"@type":"SearchAction","target":{"@type":"EntryPoint","urlTemplate":"https:\/\/crfmv.com\/fr\/?s={search_term_string}"},"query-input":{"@type":"PropertyValueSpecification","valueRequired":true,"valueName":"search_term_string"}}],"inLanguage":"fr-FR"},{"@type":"Organization","@id":"https:\/\/crfmv.com\/fr\/#organization","name":"Centre de la Famille Valcartier","url":"https:\/\/crfmv.com\/fr\/","logo":{"@type":"ImageObject","inLanguage":"fr-FR","@id":"https:\/\/crfmv.com\/fr\/#\/schema\/logo\/image\/","url":"https:\/\/crfmv.com\/wp-content\/uploads\/2019\/08\/logo-CFV-2010-01.png","contentUrl":"https:\/\/crfmv.com\/wp-content\/uploads\/2019\/08\/logo-CFV-2010-01.png","width":376,"height":376,"caption":"Centre de la Famille Valcartier"},"image":{"@id":"https:\/\/crfmv.com\/fr\/#\/schema\/logo\/image\/"},"sameAs":["https:\/\/www.facebook.com\/CFvalcartier","https:\/\/www.instagram.com\/agent_info_cfv","https:\/\/www.linkedin.com\/company\/centre-de-la-famille-valcartier\/","https:\/\/www.pinterest.ca\/agenteliaisoncf\/pins\/","https:\/\/www.youtube.com\/channel\/UCdLAsxyb6wN-q7bDaZYzuZw?view_as=subscriber"]}]}},"ticketed":false,"_links":{"self":[{"href":"https:\/\/crfmv.com\/fr\/wp-json\/wp\/v2\/pages\/7148","targetHints":{"allow":["GET"]}}],"collection":[{"href":"https:\/\/crfmv.com\/fr\/wp-json\/wp\/v2\/pages"}],"about":[{"href":"https:\/\/crfmv.com\/fr\/wp-json\/wp\/v2\/types\/page"}],"author":[{"embeddable":true,"href":"https:\/\/crfmv.com\/fr\/wp-json\/wp\/v2\/users\/37"}],"replies":[{"embeddable":true,"href":"https:\/\/crfmv.com\/fr\/wp-json\/wp\/v2\/comments?post=7148"}],"version-history":[{"count":13,"href":"https:\/\/crfmv.com\/fr\/wp-json\/wp\/v2\/pages\/7148\/revisions"}],"predecessor-version":[{"id":8515,"href":"https:\/\/crfmv.com\/fr\/wp-json\/wp\/v2\/pages\/7148\/revisions\/8515"}],"wp:attachment":[{"href":"https:\/\/crfmv.com\/fr\/wp-json\/wp\/v2\/media?parent=7148"}],"curies":[{"name":"wp","href":"https:\/\/api.w.org\/{rel}","templated":true}]}}